{"id":517,"date":"2021-12-14T14:06:30","date_gmt":"2021-12-14T13:06:30","guid":{"rendered":"http:\/\/ecom-metale.pl\/?page_id=517"},"modified":"2021-12-15T12:02:22","modified_gmt":"2021-12-15T11:02:22","slug":"home","status":"publish","type":"page","link":"http:\/\/ecom-metale.pl\/en\/","title":{"rendered":"Home"},"content":{"rendered":"<div class=\"jumbotron\">\n<div class=\"textwidget custom-html-widget\">\n\t\t\t\t\t<div class=\"swiper-box\">\r\n\t\t\t\t\t<div id=\"swiper-main-slider-eng\" class=\"swiper-slider swiper-container main-slider-eng type-default\">\r\n\t\t\t\t\t\t<div class=\"swiper-wrapper\">\r\n\t\t\t\t\t\t\t\t\t\t\t\t\t\t\t\t\t\t\t<div class=\"swiper-slide slide slide-1\">\r\n\t\t\t\t\t\t\t\t\t\t\t\t\t<div class=\"slide__container container\">\r\n\t<div class=\"slide__content\">\r\n\t\t<div class=\"slide__sub-h\">WE MANUFACTURE<\/div><h1 class=\"slide__h\">NON-FERROUS METAL CONCENTRATES AND GRANULATES<\/h1><div class=\"slide__desc\">We deal with scrap metal purchase and waste collection and recovery, e.g. from metallurgy and foundry, including hazardous waste<\/div><div class=\"slide__button-wrap\"><a class=\"slide__button button\" href=\"\/recovery-and-production\/?lang=en\" target=\"_blank\">CHECK OUT OUR OFFER<\/a><\/div>\t<\/div>\r\n<\/div>\t\t\t\t\t\t\t\t\t\t\t\t<\/div>\r\n\t\t\t\t\t\t\t\t\t\t\t\t\t\t\t\t\t\t\t\t\t\t\t<div class=\"swiper-slide slide slide-2\">\r\n\t\t\t\t\t\t\t\t\t\t\t\t\t<div class=\"slide__container container\">\r\n\t<div class=\"slide__content\">\r\n\t\t<div class=\"slide__sub-h\">WE PERFORM<\/div><h2 class=\"slide__h\">EFFECTIVE RECLAMATION OF DAMAGED LAND<\/h2><div class=\"slide__desc\">We provide services of restoring use value to degraded or devastated land through dedicated treatments<\/div><div class=\"slide__button-wrap\"><a class=\"slide__button button\" href=\"\/aggregate-and-reclamation\/?lang=en\" target=\"_blank\">GET TO KNOW THE SCOPE<\/a><\/div>\t<\/div>\r\n<\/div>\t\t\t\t\t\t\t\t\t\t\t\t<\/div>\r\n\t\t\t\t\t\t\t\t\t\t\t\t\t\t\t\t\t\t\t\t\t\t\t<div class=\"swiper-slide slide slide-3\">\r\n\t\t\t\t\t\t\t\t\t\t\t\t\t<div class=\"slide__container container\">\r\n\t<div class=\"slide__content\">\r\n\t\t<div class=\"slide__sub-h\">WE OFFER<\/div><h2 class=\"slide__h\">HIGH QUALITY ROAD AGGREGATES<\/h2><div class=\"slide__desc\">Our product range includes sand and solid rock aggregates, with different parameters and application<\/div><div class=\"slide__button-wrap\"><a class=\"slide__button button\" href=\"\/aggregate-and-reclamation\/?lang=en\" target=\"_blank\">LEARN MORE<\/a><\/div>\t<\/div>\r\n<\/div>\t\t\t\t\t\t\t\t\t\t\t\t<\/div>\r\n\t\t\t\t\t\t\t\t\t\t\t\t\t\t\t\t\t<\/div>\r\n\t\t\t\t\t<\/div>\r\n\r\n\t\t\t\t\t\r\n\t\t\t\t\t\r\n\t\t\t\t\t\r\n\t\t\t\t\t\t\t\t\t\t\t<div class=\"swiper-pagination swiper-main-slider-eng-pagination\"><\/div>\r\n\t\t\t\t\t\t\t\t\t<\/div>\r\n\t\t\t\n  <\/div>\n<\/div>\n<section class=\"s1 mt-80\">\n<div class=\"container\">\n<div class=\"row\">\n<div class=\"col-md-6 col-sm-12\">\n                <img decoding=\"async\" src=\"http:\/\/ecom-metale.pl\/wp-content\/uploads\/2021\/11\/granulat-aluminium___zlom-nierdzewka.jpg\" \/>\n            <\/div>\n<div class=\"col-md-6 col-sm-12 d-flex align-items-baseline flex-wrap align-content-center\">\n<div class=\"s1__right_box\">\n<p class=\"right_box__sub-h\">NON-FERROUS METAL<\/p>\n<p class=\"right_box__h\">QUALITY GRANULATES AND CONCENTRATES FROM RECOVERY OF NON-FERROUS METALS<\/p>\n<div class=\"right_box__sep\"><\/div>\n<p class=\"right_box__desc\">Ecom was established in 2010. Our core business is the production of non-ferrous metal concentrates and granulates, including: aluminium, zinc, lead and nickel. We collect and dispose of waste coming, among others, from metallurgy and foundry industry. We buy scrap metal. We hold the required permits for hazardous waste recovery.<\/p>\n<p>                    <a href=\"#\" class=\"button\">LEARN MORE ABOUT OUR OFFER<\/a>\n                <\/div>\n<\/p><\/div>\n<\/p><\/div>\n<\/p><\/div>\n<\/section>\n<section class=\"s2\">\n<div class=\"container\">\n<div class=\"row\">\n<div class=\"col-sm-12\">\n<div class=\"s2__center_box\">\n<p class=\"center_box__sub-h\">SEE IT IN PRACTICE<\/p>\n<p class=\"center_box__h\">OUR STRENGTHS<\/p>\n<div class=\"center_box__sep\"><\/div>\n<\/p><\/div>\n<\/p><\/div>\n<div class=\"col-sm-3 img-box mx-auto\">\n                <img decoding=\"async\" src=\"http:\/\/ecom-metale.pl\/wp-content\/uploads\/2021\/08\/s1__ico1.png\" \/><\/p>\n<p class=\"img-box__h\">EXPERTISE<\/p>\n<p class=\"img-box__desc\">We have been operating on the market for more than a dozen years, and completed many successful projects<\/p>\n<\/p><\/div>\n<div class=\"col-sm-3 img-box mx-auto\">\n                <img decoding=\"async\" src=\"http:\/\/ecom-metale.pl\/wp-content\/uploads\/2021\/08\/s1__ico2.png\" \/><\/p>\n<p class=\"img-box__h\">CONTRACTORS<\/p>\n<p class=\"img-box__desc\">We cooperate with the largest metallurgical works and metal foundries in the country<\/p>\n<\/p><\/div>\n<div class=\"col-sm-3 img-box mx-auto\">\n                <img decoding=\"async\" src=\"http:\/\/ecom-metale.pl\/wp-content\/uploads\/2021\/08\/s1__ico3.png\" \/><\/p>\n<p class=\"img-box__h\">OWN TRANSPORT<\/p>\n<p class=\"img-box__desc\">We ensure timely waste collection thanks to our company fleet<\/p>\n<\/p><\/div>\n<div class=\"col-sm-3 img-box mx-auto\">\n                <img decoding=\"async\" src=\"http:\/\/ecom-metale.pl\/wp-content\/uploads\/2021\/08\/s1__ico4.png\" \/><\/p>\n<p class=\"img-box__h\">HIGH STANDARDS<\/p>\n<p class=\"img-box__desc\">Our products meet the required standards and are subject to ongoing analysis<\/p>\n<\/p><\/div>\n<\/p><\/div>\n<\/p><\/div>\n<\/section>\n<section class=\"s3\">\n<div class=\"container\">\n<div class=\"row\">\n<div class=\"col-sm-12\">\n<div class=\"s3__center_box\">\n<h3 class=\"center_box__sub-h mt-0\">ECOLOGICAL AND ECONOMICAL<\/h3>\n<p class=\"center_box__h\">A PROFITABLE OFFER FOR YOUR COMPANY AND THE ENVIRONMENT<\/p>\n<div class=\"center_box__sep\"><\/div>\n<\/p><\/div>\n<\/p><\/div>\n<div class=\"col-sm-12 col-md-6\">\n<div class=\"box\">\n<p class=\"pt-15 title__1 d-flex align-items-baseline flex-wrap align-content-center\"><strong class=\"ml-15\">Reclamation of degraded land<\/strong><\/p>\n<p class=\"desc mt-35\">Using technical and biological methods, we provide comprehensive services to restore the usable or natural values of areas destroyed by the devastating impact of industry.<\/p>\n<\/p><\/div>\n<\/p><\/div>\n<div class=\"col-sm-12 col-md-6\">\n<div class=\"box\">\n<p class=\"pt-15 title__2 d-flex align-items-baseline flex-wrap align-content-center\"><strong class=\"ml-15\">Production of aggregates for various applications<\/strong><\/p>\n<p class=\"desc mt-35\">We produce road, construction and decorative aggregates with different properties and parameters, which allows for their optimal selection for specific purposes<\/p>\n<\/p><\/div>\n<\/p><\/div>\n<\/p><\/div>\n<\/p><\/div>\n<\/section>\n<section class=\"s4\">\n<div class=\"container\">\n<div class=\"row\">\n<div class=\"col-md-4 col-sm-12\">\n<div class=\"left_box\">\n<p class=\"left_box__h mb-0 mt-0\">QUALITY IS WHAT COUNTS<\/p>\n<p class=\"left_box__sub-h mb-0\">AND THE EXPERIENCE SUMS UP<\/p>\n<\/p><\/div>\n<\/p><\/div>\n<div class=\"col-md-2 col-sm-12\"><\/div>\n<div class=\"col-md-2 col-sm-12\">\n<div class=\"counter_box\">\n<p class=\"counter_box__h\"><span class=\"counter\" data-counter-delay=\"10\" data-counter-time=\"3000\">50370<\/span> tons<\/p>\n<p class=\"counter_box__sub-h\">OF METAL PRODUCED<\/p>\n<\/p><\/div>\n<\/p><\/div>\n<div class=\"col-md-2 col-sm-12\">\n<div class=\"counter_box\">\n<p class=\"counter_box__h\"><span class=\"counter\" data-counter-delay=\"10\" data-counter-time=\"3000\">450360<\/span> tons<\/p>\n<p class=\"counter_box__sub-h\">OF AGGREGATE PRODUCED<\/p>\n<\/p><\/div>\n<\/p><\/div>\n<div class=\"col-md-2 col-sm-12\">\n<div class=\"counter_box\">\n<p class=\"counter_box__h\"><span class=\"counter\" data-counter-delay=\"10\" data-counter-time=\"3000\">249000<\/span> tons<\/p>\n<p class=\"counter_box__sub-h\">REHABILITATED AREAS<\/p>\n<\/p><\/div>\n<\/p><\/div>\n<\/p><\/div>\n<\/p><\/div>\n<\/section>\n<section class=\"s5\">\n<div class=\"container\">\n<div class=\"row\">\n<div class=\"col-sm-12\">\n<div class=\"s5__center_box\">\n<h3 class=\"center_box__sub-h mt-0\">SECOND LIFE OF AL, PB, ZN, NI<\/h3>\n<p class=\"center_box__h\">RECYCLING OF NON-FERROUS METALS<\/p>\n<div class=\"center_box__sep\"><\/div>\n<\/p><\/div>\n<\/p><\/div>\n<div class=\"col-sm-12\">\n                <div class=\"rl-gallery-container rl-loading\" id=\"rl-gallery-container-1\" data-gallery_id=\"414\"> <div class=\"rl-gallery rl-basicgrid-gallery rl-hover-effect-1 rl-hover-icon-1\" id=\"rl-gallery-1\" data-gallery_no=\"1\"> <div class=\"rl-gallery-item\"><a href=\"http:\/\/ecom-metale.pl\/wp-content\/uploads\/2021\/08\/SG___galeria__1__odpad-aluminium.jpg\" title=\"\" data-rl_title=\"\" class=\"rl-gallery-link\" data-rl_caption=\"\" data-rel=\"lightbox-gallery-1\"><img loading=\"lazy\" decoding=\"async\" src=\"http:\/\/ecom-metale.pl\/wp-content\/uploads\/2021\/08\/SG___galeria__1__odpad-aluminium.jpg\" width=\"923\" height=\"696\" alt=\"\"\/><\/a><\/div><div class=\"rl-gallery-item\"><a href=\"http:\/\/ecom-metale.pl\/wp-content\/uploads\/2021\/08\/Galeria__img2.jpg\" title=\"\" data-rl_title=\"\" class=\"rl-gallery-link\" data-rl_caption=\"\" data-rel=\"lightbox-gallery-1\"><img loading=\"lazy\" decoding=\"async\" src=\"http:\/\/ecom-metale.pl\/wp-content\/uploads\/2021\/08\/Galeria__img2.jpg\" width=\"923\" height=\"696\" alt=\"\"\/><\/a><\/div><div class=\"rl-gallery-item\"><a href=\"http:\/\/ecom-metale.pl\/wp-content\/uploads\/2021\/08\/SG___galeria__1__odpad-cynk.jpg\" title=\"\" data-rl_title=\"\" class=\"rl-gallery-link\" data-rl_caption=\"\" data-rel=\"lightbox-gallery-1\"><img loading=\"lazy\" decoding=\"async\" src=\"http:\/\/ecom-metale.pl\/wp-content\/uploads\/2021\/08\/SG___galeria__1__odpad-cynk.jpg\" width=\"923\" height=\"696\" alt=\"\"\/><\/a><\/div><div class=\"rl-gallery-item\"><a href=\"http:\/\/ecom-metale.pl\/wp-content\/uploads\/2021\/08\/Galeria__img4.jpg\" title=\"\" data-rl_title=\"\" class=\"rl-gallery-link\" data-rl_caption=\"\" data-rel=\"lightbox-gallery-1\"><img loading=\"lazy\" decoding=\"async\" src=\"http:\/\/ecom-metale.pl\/wp-content\/uploads\/2021\/08\/Galeria__img4.jpg\" width=\"923\" height=\"696\" alt=\"\"\/><\/a><\/div><div class=\"rl-gallery-item\"><a href=\"http:\/\/ecom-metale.pl\/wp-content\/uploads\/2021\/08\/Galeria__img5.jpg\" title=\"\" data-rl_title=\"\" class=\"rl-gallery-link\" data-rl_caption=\"\" data-rel=\"lightbox-gallery-1\"><img loading=\"lazy\" decoding=\"async\" src=\"http:\/\/ecom-metale.pl\/wp-content\/uploads\/2021\/08\/Galeria__img5.jpg\" width=\"923\" height=\"696\" alt=\"\"\/><\/a><\/div><div class=\"rl-gallery-item\"><a href=\"http:\/\/ecom-metale.pl\/wp-content\/uploads\/2021\/08\/Galeria__img6.jpg\" title=\"\" data-rl_title=\"\" class=\"rl-gallery-link\" data-rl_caption=\"\" data-rel=\"lightbox-gallery-1\"><img loading=\"lazy\" decoding=\"async\" src=\"http:\/\/ecom-metale.pl\/wp-content\/uploads\/2021\/08\/Galeria__img6.jpg\" width=\"923\" height=\"696\" alt=\"\"\/><\/a><\/div><div class=\"rl-gallery-item\"><a href=\"http:\/\/ecom-metale.pl\/wp-content\/uploads\/2021\/08\/SG___galeria__2__granulat-olowiu.jpg\" title=\"\" data-rl_title=\"\" class=\"rl-gallery-link\" data-rl_caption=\"\" data-rel=\"lightbox-gallery-1\"><img loading=\"lazy\" decoding=\"async\" src=\"http:\/\/ecom-metale.pl\/wp-content\/uploads\/2021\/08\/SG___galeria__2__granulat-olowiu.jpg\" width=\"923\" height=\"696\" alt=\"\"\/><\/a><\/div><div class=\"rl-gallery-item\"><a href=\"http:\/\/ecom-metale.pl\/wp-content\/uploads\/2021\/08\/Galeria__img8.jpg\" title=\"\" data-rl_title=\"\" class=\"rl-gallery-link\" data-rl_caption=\"\" data-rel=\"lightbox-gallery-1\"><img loading=\"lazy\" decoding=\"async\" src=\"http:\/\/ecom-metale.pl\/wp-content\/uploads\/2021\/08\/Galeria__img8.jpg\" width=\"923\" height=\"696\" alt=\"\"\/><\/a><\/div> <\/div> <\/div>\n            <\/div>\n<\/p><\/div>\n<\/p><\/div>\n<\/section>\n","protected":false},"excerpt":{"rendered":"<p>NON-FERROUS METAL QUALITY GRANULATES AND CONCENTRATES FROM RECOVERY OF NON-FERROUS METALS Ecom was established in 2010. Our core business is the production of non-ferrous metal concentrates and granulates, including: aluminium, zinc, lead and nickel. We collect and dispose of waste coming, among others, from metallurgy and foundry industry. We buy scrap metal. We hold the [&hellip;]<\/p>\n","protected":false},"author":1,"featured_media":0,"parent":0,"menu_order":0,"comment_status":"closed","ping_status":"closed","template":"templates\/page-full-width.php","meta":{"footnotes":""},"class_list":["post-517","page","type-page","status-publish","hentry","wpautop"],"acf":[],"yoast_head":"<!-- This site is optimized with the Yoast SEO plugin v27.4 - https:\/\/yoast.com\/product\/yoast-seo-wordpress\/ -->\n<title>Home - Ecom<\/title>\n<meta name=\"description\" content=\"Produkcja koncentrat\u00f3w i granulat\u00f3w Al, Pb, Zn. Odbi\u00f3r i odzysk odpad\u00f3w, w tym hutniczych i niebezpiecznych. Konkurencyjne ceny skupu z\u0142omu\" \/>\n<meta name=\"robots\" content=\"index, follow, max-snippet:-1, max-image-preview:large, max-video-preview:-1\" \/>\n<link rel=\"canonical\" href=\"http:\/\/ecom-metale.pl\/en\/\" \/>\n<meta property=\"og:locale\" content=\"en_US\" \/>\n<meta property=\"og:type\" content=\"article\" \/>\n<meta property=\"og:title\" content=\"Home - Ecom\" \/>\n<meta property=\"og:description\" content=\"Produkcja koncentrat\u00f3w i granulat\u00f3w Al, Pb, Zn. Odbi\u00f3r i odzysk odpad\u00f3w, w tym hutniczych i niebezpiecznych. Konkurencyjne ceny skupu z\u0142omu\" \/>\n<meta property=\"og:url\" content=\"http:\/\/ecom-metale.pl\/en\/\" \/>\n<meta property=\"og:site_name\" content=\"Ecom\" \/>\n<meta property=\"article:modified_time\" content=\"2021-12-15T11:02:22+00:00\" \/>\n<meta property=\"og:image\" content=\"http:\/\/ecom-metale.pl\/wp-content\/uploads\/2021\/11\/granulat-aluminium___zlom-nierdzewka.jpg\" \/>\n<meta name=\"twitter:card\" content=\"summary_large_image\" \/>\n<meta name=\"twitter:label1\" content=\"Est. reading time\" \/>\n\t<meta name=\"twitter:data1\" content=\"1 minute\" \/>\n<script type=\"application\/ld+json\" class=\"yoast-schema-graph\">{\"@context\":\"https:\\\/\\\/schema.org\",\"@graph\":[{\"@type\":\"WebPage\",\"@id\":\"http:\\\/\\\/ecom-metale.pl\\\/en\\\/\",\"url\":\"http:\\\/\\\/ecom-metale.pl\\\/en\\\/\",\"name\":\"Home - Ecom\",\"isPartOf\":{\"@id\":\"http:\\\/\\\/ecom-metale.pl\\\/en\\\/#website\"},\"primaryImageOfPage\":{\"@id\":\"http:\\\/\\\/ecom-metale.pl\\\/en\\\/#primaryimage\"},\"image\":{\"@id\":\"http:\\\/\\\/ecom-metale.pl\\\/en\\\/#primaryimage\"},\"thumbnailUrl\":\"http:\\\/\\\/ecom-metale.pl\\\/wp-content\\\/uploads\\\/2021\\\/11\\\/granulat-aluminium___zlom-nierdzewka.jpg\",\"datePublished\":\"2021-12-14T13:06:30+00:00\",\"dateModified\":\"2021-12-15T11:02:22+00:00\",\"description\":\"Produkcja koncentrat\u00f3w i granulat\u00f3w Al, Pb, Zn. Odbi\u00f3r i odzysk odpad\u00f3w, w tym hutniczych i niebezpiecznych. Konkurencyjne ceny skupu z\u0142omu\",\"breadcrumb\":{\"@id\":\"http:\\\/\\\/ecom-metale.pl\\\/en\\\/#breadcrumb\"},\"inLanguage\":\"en-US\",\"potentialAction\":[{\"@type\":\"ReadAction\",\"target\":[\"http:\\\/\\\/ecom-metale.pl\\\/en\\\/\"]}]},{\"@type\":\"ImageObject\",\"inLanguage\":\"en-US\",\"@id\":\"http:\\\/\\\/ecom-metale.pl\\\/en\\\/#primaryimage\",\"url\":\"http:\\\/\\\/ecom-metale.pl\\\/wp-content\\\/uploads\\\/2021\\\/11\\\/granulat-aluminium___zlom-nierdzewka.jpg\",\"contentUrl\":\"http:\\\/\\\/ecom-metale.pl\\\/wp-content\\\/uploads\\\/2021\\\/11\\\/granulat-aluminium___zlom-nierdzewka.jpg\"},{\"@type\":\"BreadcrumbList\",\"@id\":\"http:\\\/\\\/ecom-metale.pl\\\/en\\\/#breadcrumb\",\"itemListElement\":[{\"@type\":\"ListItem\",\"position\":1,\"name\":\"Start\",\"item\":\"http:\\\/\\\/ecom-metale.pl\\\/en\\\/\"},{\"@type\":\"ListItem\",\"position\":2,\"name\":\"Home\"}]},{\"@type\":\"WebSite\",\"@id\":\"http:\\\/\\\/ecom-metale.pl\\\/en\\\/#website\",\"url\":\"http:\\\/\\\/ecom-metale.pl\\\/en\\\/\",\"name\":\"Ecom\",\"description\":\"Producent koncentrat\u00f3w i granulat\u00f3w metali nie\u017celaznych\",\"potentialAction\":[{\"@type\":\"SearchAction\",\"target\":{\"@type\":\"EntryPoint\",\"urlTemplate\":\"http:\\\/\\\/ecom-metale.pl\\\/en\\\/?s={search_term_string}\"},\"query-input\":{\"@type\":\"PropertyValueSpecification\",\"valueRequired\":true,\"valueName\":\"search_term_string\"}}],\"inLanguage\":\"en-US\"}]}<\/script>\n<!-- \/ Yoast SEO plugin. -->","yoast_head_json":{"title":"Home - Ecom","description":"Produkcja koncentrat\u00f3w i granulat\u00f3w Al, Pb, Zn. Odbi\u00f3r i odzysk odpad\u00f3w, w tym hutniczych i niebezpiecznych. Konkurencyjne ceny skupu z\u0142omu","robots":{"index":"index","follow":"follow","max-snippet":"max-snippet:-1","max-image-preview":"max-image-preview:large","max-video-preview":"max-video-preview:-1"},"canonical":"http:\/\/ecom-metale.pl\/en\/","og_locale":"en_US","og_type":"article","og_title":"Home - Ecom","og_description":"Produkcja koncentrat\u00f3w i granulat\u00f3w Al, Pb, Zn. Odbi\u00f3r i odzysk odpad\u00f3w, w tym hutniczych i niebezpiecznych. Konkurencyjne ceny skupu z\u0142omu","og_url":"http:\/\/ecom-metale.pl\/en\/","og_site_name":"Ecom","article_modified_time":"2021-12-15T11:02:22+00:00","og_image":[{"url":"http:\/\/ecom-metale.pl\/wp-content\/uploads\/2021\/11\/granulat-aluminium___zlom-nierdzewka.jpg","type":"","width":"","height":""}],"twitter_card":"summary_large_image","twitter_misc":{"Est. reading time":"1 minute"},"schema":{"@context":"https:\/\/schema.org","@graph":[{"@type":"WebPage","@id":"http:\/\/ecom-metale.pl\/en\/","url":"http:\/\/ecom-metale.pl\/en\/","name":"Home - Ecom","isPartOf":{"@id":"http:\/\/ecom-metale.pl\/en\/#website"},"primaryImageOfPage":{"@id":"http:\/\/ecom-metale.pl\/en\/#primaryimage"},"image":{"@id":"http:\/\/ecom-metale.pl\/en\/#primaryimage"},"thumbnailUrl":"http:\/\/ecom-metale.pl\/wp-content\/uploads\/2021\/11\/granulat-aluminium___zlom-nierdzewka.jpg","datePublished":"2021-12-14T13:06:30+00:00","dateModified":"2021-12-15T11:02:22+00:00","description":"Produkcja koncentrat\u00f3w i granulat\u00f3w Al, Pb, Zn. Odbi\u00f3r i odzysk odpad\u00f3w, w tym hutniczych i niebezpiecznych. Konkurencyjne ceny skupu z\u0142omu","breadcrumb":{"@id":"http:\/\/ecom-metale.pl\/en\/#breadcrumb"},"inLanguage":"en-US","potentialAction":[{"@type":"ReadAction","target":["http:\/\/ecom-metale.pl\/en\/"]}]},{"@type":"ImageObject","inLanguage":"en-US","@id":"http:\/\/ecom-metale.pl\/en\/#primaryimage","url":"http:\/\/ecom-metale.pl\/wp-content\/uploads\/2021\/11\/granulat-aluminium___zlom-nierdzewka.jpg","contentUrl":"http:\/\/ecom-metale.pl\/wp-content\/uploads\/2021\/11\/granulat-aluminium___zlom-nierdzewka.jpg"},{"@type":"BreadcrumbList","@id":"http:\/\/ecom-metale.pl\/en\/#breadcrumb","itemListElement":[{"@type":"ListItem","position":1,"name":"Start","item":"http:\/\/ecom-metale.pl\/en\/"},{"@type":"ListItem","position":2,"name":"Home"}]},{"@type":"WebSite","@id":"http:\/\/ecom-metale.pl\/en\/#website","url":"http:\/\/ecom-metale.pl\/en\/","name":"Ecom","description":"Producent koncentrat\u00f3w i granulat\u00f3w metali nie\u017celaznych","potentialAction":[{"@type":"SearchAction","target":{"@type":"EntryPoint","urlTemplate":"http:\/\/ecom-metale.pl\/en\/?s={search_term_string}"},"query-input":{"@type":"PropertyValueSpecification","valueRequired":true,"valueName":"search_term_string"}}],"inLanguage":"en-US"}]}},"_links":{"self":[{"href":"http:\/\/ecom-metale.pl\/en\/wp-json\/wp\/v2\/pages\/517","targetHints":{"allow":["GET"]}}],"collection":[{"href":"http:\/\/ecom-metale.pl\/en\/wp-json\/wp\/v2\/pages"}],"about":[{"href":"http:\/\/ecom-metale.pl\/en\/wp-json\/wp\/v2\/types\/page"}],"author":[{"embeddable":true,"href":"http:\/\/ecom-metale.pl\/en\/wp-json\/wp\/v2\/users\/1"}],"replies":[{"embeddable":true,"href":"http:\/\/ecom-metale.pl\/en\/wp-json\/wp\/v2\/comments?post=517"}],"version-history":[{"count":5,"href":"http:\/\/ecom-metale.pl\/en\/wp-json\/wp\/v2\/pages\/517\/revisions"}],"predecessor-version":[{"id":583,"href":"http:\/\/ecom-metale.pl\/en\/wp-json\/wp\/v2\/pages\/517\/revisions\/583"}],"wp:attachment":[{"href":"http:\/\/ecom-metale.pl\/en\/wp-json\/wp\/v2\/media?parent=517"}],"curies":[{"name":"wp","href":"https:\/\/api.w.org\/{rel}","templated":true}]}}