{"id":520,"date":"2021-12-14T14:21:09","date_gmt":"2021-12-14T13:21:09","guid":{"rendered":"http:\/\/ecom-metale.pl\/?page_id=520"},"modified":"2021-12-15T10:13:50","modified_gmt":"2021-12-15T09:13:50","slug":"recovery-and-production","status":"publish","type":"page","link":"http:\/\/ecom-metale.pl\/en\/recovery-and-production\/","title":{"rendered":"RECOVERY AND PRODUCTION"},"content":{"rendered":"<section class=\"s1 mt-40\">\n<div class=\"container\">\n<div class=\"row\">\n<div class=\"col-md-4 col-sm-12\">\n<div class=\"s1__right_box\">\n<p class=\"right_box__sub-h\">OUR PARTNERS<\/p>\n<h2 class=\"right_box__h\">THE COUNTRY&#8217;S LARGEST METALLURGICAL WORKS AND FOUNDRIES<\/h2>\n<div class=\"right_box__sep\"><\/div>\n<\/div>\n<\/div>\n<div class=\"col-md-8 col-sm-12\">\n<p>As one of the few companies, we are fully professionally prepared to collect and dispose of waste from metallurgy and foundry industry, including melting losses and foundry slag. We process e.g. Pb, Zn, Al, and Ni melting losses. Our monthly melting loss turnover is approx. 5 tons.<\/p>\n<p>We produce non-ferrous metal concentrates and granulates from the fractions recovered as a result of melting loss processing, including: lead, zinc, aluminium and nickel. They meet restrictive Polish and\/or factory standards and are subjected to a full chemical analysis after production in cooperating laboratories.<\/p>\n<p>The fact that we have our own means of transport and we are able to process and dispose of waste gives us a significant advantage over the competition in timely performance of waste collection.<\/p>\n<p>In addition:<\/p>\n<ul>\n<li>we have the required permits for conducting activity in the scope of hazardous waste recovery<\/li>\n<li>we handle waste collection and transport through the BDO (Waste Database) system<\/li>\n<li>we also deal with dismantling and reclamation of metallurgical waste dumps.<\/li>\n<\/ul>\n<div class=\"row\">\n<div class=\"col-md-6 col-sm-12\"><img decoding=\"async\" class=\"mt-20 mb-20\" src=\"http:\/\/ecom-metale.pl\/wp-content\/uploads\/2021\/08\/odzysk-i-produkcja____nasi-kontrahenci__img1.jpg\" \/><\/div>\n<div class=\"col-md-6 col-sm-12\"><img decoding=\"async\" class=\"mt-20 mb-20\" src=\"http:\/\/ecom-metale.pl\/wp-content\/uploads\/2021\/11\/img.jpg\" \/><\/div>\n<\/div>\n<\/div>\n<\/div>\n<\/div>\n<\/section>\n<section class=\"s1\">\n<div class=\"container\">\n<div class=\"row\">\n<div class=\"col-md-4 col-sm-12\">\n<div class=\"s1__right_box\">\n<p class=\"right_box__sub-h\">THE ADVANTAGES OF ECOM<\/p>\n<p class=\"right_box__h\">GET TO KNOW US BETTER<\/p>\n<div class=\"right_box__sep\"><\/div>\n<p class=\"right_box__desc\">Find out why the largest companies in the local and nationwide industry market decide to cooperate with us<\/p>\n<\/div>\n<\/div>\n<div class=\"col-md-8 col-sm-12\">\n<div class=\"s1__right_box\">\n<p class=\"right_box__h\">IT PAYS OFF AND IT&#8217;S WORTH IT<\/p>\n<\/div>\n<ul>\n<li>Our product range includes quality non-ferrous metal concentrates and granulates. As their manufacturer, we sell them at a price not increased by the margins of intermediaries<\/li>\n<li>We offer the collection service with use of our own transport and disposal of many types of waste, including <a href=\"#\">hazardous waste<\/a> and <a href=\"#\">non-hazardous waste<\/a><\/li>\n<li>We provide favourable transaction conditions and competitive prices for scrap metal purchase<\/li>\n<li>Our offer is completed by <a href=\"#\">land reclamation<\/a> and <a href=\"#\">production of aggregates<\/a><\/li>\n<li>We guarantee efficient and professional handling of orders by a qualified team, flexibly adjusting the service to the specifics of the order and individual customer expectations<\/li>\n<li>We have several years of experience in the industry and a long history of cooperation with major metallurgical works and foundries, which makes us a reliable and credible business partner<\/li>\n<li>We effectively apply for subsidies, and we have obtained, among others, financing from the National Fund for Environmental Protection and Water Management<\/li>\n<\/ul>\n<\/div>\n<\/div>\n<\/div>\n<\/section>\n","protected":false},"excerpt":{"rendered":"<p>OUR PARTNERS THE COUNTRY&#8217;S LARGEST METALLURGICAL WORKS AND FOUNDRIES As one of the few companies, we are fully professionally prepared to collect and dispose of waste from metallurgy and foundry industry, including melting losses and foundry slag. We process e.g. Pb, Zn, Al, and Ni melting losses. Our monthly melting loss turnover is approx. 5 [&hellip;]<\/p>\n","protected":false},"author":1,"featured_media":0,"parent":0,"menu_order":0,"comment_status":"closed","ping_status":"closed","template":"","meta":{"footnotes":""},"class_list":["post-520","page","type-page","status-publish","hentry","wpautop"],"acf":[],"yoast_head":"<!-- This site is optimized with the Yoast SEO plugin v27.4 - https:\/\/yoast.com\/product\/yoast-seo-wordpress\/ -->\n<title>RECOVERY AND PRODUCTION - Ecom<\/title>\n<meta name=\"description\" content=\"Produkcja koncentrat\u00f3w i granulat\u00f3w Al, Pb, Zn. Odbi\u00f3r i odzysk odpad\u00f3w, w tym hutniczych i niebezpiecznych. Konkurencyjne ceny skupu z\u0142omu\" \/>\n<meta name=\"robots\" content=\"index, follow, max-snippet:-1, max-image-preview:large, max-video-preview:-1\" \/>\n<link rel=\"canonical\" href=\"http:\/\/ecom-metale.pl\/en\/recovery-and-production\/\" \/>\n<meta property=\"og:locale\" content=\"en_US\" \/>\n<meta property=\"og:type\" content=\"article\" \/>\n<meta property=\"og:title\" content=\"RECOVERY AND PRODUCTION - Ecom\" \/>\n<meta property=\"og:description\" content=\"Produkcja koncentrat\u00f3w i granulat\u00f3w Al, Pb, Zn. Odbi\u00f3r i odzysk odpad\u00f3w, w tym hutniczych i niebezpiecznych. Konkurencyjne ceny skupu z\u0142omu\" \/>\n<meta property=\"og:url\" content=\"http:\/\/ecom-metale.pl\/en\/recovery-and-production\/\" \/>\n<meta property=\"og:site_name\" content=\"Ecom\" \/>\n<meta property=\"article:modified_time\" content=\"2021-12-15T09:13:50+00:00\" \/>\n<meta property=\"og:image\" content=\"http:\/\/ecom-metale.pl\/wp-content\/uploads\/2021\/08\/odzysk-i-produkcja____nasi-kontrahenci__img1.jpg\" \/>\n<meta name=\"twitter:card\" content=\"summary_large_image\" \/>\n<meta name=\"twitter:label1\" content=\"Est. reading time\" \/>\n\t<meta name=\"twitter:data1\" content=\"2 minutes\" \/>\n<script type=\"application\/ld+json\" class=\"yoast-schema-graph\">{\"@context\":\"https:\\\/\\\/schema.org\",\"@graph\":[{\"@type\":\"WebPage\",\"@id\":\"http:\\\/\\\/ecom-metale.pl\\\/en\\\/recovery-and-production\\\/\",\"url\":\"http:\\\/\\\/ecom-metale.pl\\\/en\\\/recovery-and-production\\\/\",\"name\":\"RECOVERY AND PRODUCTION - Ecom\",\"isPartOf\":{\"@id\":\"http:\\\/\\\/ecom-metale.pl\\\/en\\\/#website\"},\"primaryImageOfPage\":{\"@id\":\"http:\\\/\\\/ecom-metale.pl\\\/en\\\/recovery-and-production\\\/#primaryimage\"},\"image\":{\"@id\":\"http:\\\/\\\/ecom-metale.pl\\\/en\\\/recovery-and-production\\\/#primaryimage\"},\"thumbnailUrl\":\"http:\\\/\\\/ecom-metale.pl\\\/wp-content\\\/uploads\\\/2021\\\/08\\\/odzysk-i-produkcja____nasi-kontrahenci__img1.jpg\",\"datePublished\":\"2021-12-14T13:21:09+00:00\",\"dateModified\":\"2021-12-15T09:13:50+00:00\",\"description\":\"Produkcja koncentrat\u00f3w i granulat\u00f3w Al, Pb, Zn. Odbi\u00f3r i odzysk odpad\u00f3w, w tym hutniczych i niebezpiecznych. Konkurencyjne ceny skupu z\u0142omu\",\"breadcrumb\":{\"@id\":\"http:\\\/\\\/ecom-metale.pl\\\/en\\\/recovery-and-production\\\/#breadcrumb\"},\"inLanguage\":\"en-US\",\"potentialAction\":[{\"@type\":\"ReadAction\",\"target\":[\"http:\\\/\\\/ecom-metale.pl\\\/en\\\/recovery-and-production\\\/\"]}]},{\"@type\":\"ImageObject\",\"inLanguage\":\"en-US\",\"@id\":\"http:\\\/\\\/ecom-metale.pl\\\/en\\\/recovery-and-production\\\/#primaryimage\",\"url\":\"http:\\\/\\\/ecom-metale.pl\\\/wp-content\\\/uploads\\\/2021\\\/08\\\/odzysk-i-produkcja____nasi-kontrahenci__img1.jpg\",\"contentUrl\":\"http:\\\/\\\/ecom-metale.pl\\\/wp-content\\\/uploads\\\/2021\\\/08\\\/odzysk-i-produkcja____nasi-kontrahenci__img1.jpg\"},{\"@type\":\"BreadcrumbList\",\"@id\":\"http:\\\/\\\/ecom-metale.pl\\\/en\\\/recovery-and-production\\\/#breadcrumb\",\"itemListElement\":[{\"@type\":\"ListItem\",\"position\":1,\"name\":\"Start\",\"item\":\"http:\\\/\\\/ecom-metale.pl\\\/en\\\/\"},{\"@type\":\"ListItem\",\"position\":2,\"name\":\"RECOVERY AND PRODUCTION\"}]},{\"@type\":\"WebSite\",\"@id\":\"http:\\\/\\\/ecom-metale.pl\\\/en\\\/#website\",\"url\":\"http:\\\/\\\/ecom-metale.pl\\\/en\\\/\",\"name\":\"Ecom\",\"description\":\"Producent koncentrat\u00f3w i granulat\u00f3w metali nie\u017celaznych\",\"potentialAction\":[{\"@type\":\"SearchAction\",\"target\":{\"@type\":\"EntryPoint\",\"urlTemplate\":\"http:\\\/\\\/ecom-metale.pl\\\/en\\\/?s={search_term_string}\"},\"query-input\":{\"@type\":\"PropertyValueSpecification\",\"valueRequired\":true,\"valueName\":\"search_term_string\"}}],\"inLanguage\":\"en-US\"}]}<\/script>\n<!-- \/ Yoast SEO plugin. -->","yoast_head_json":{"title":"RECOVERY AND PRODUCTION - Ecom","description":"Produkcja koncentrat\u00f3w i granulat\u00f3w Al, Pb, Zn. Odbi\u00f3r i odzysk odpad\u00f3w, w tym hutniczych i niebezpiecznych. Konkurencyjne ceny skupu z\u0142omu","robots":{"index":"index","follow":"follow","max-snippet":"max-snippet:-1","max-image-preview":"max-image-preview:large","max-video-preview":"max-video-preview:-1"},"canonical":"http:\/\/ecom-metale.pl\/en\/recovery-and-production\/","og_locale":"en_US","og_type":"article","og_title":"RECOVERY AND PRODUCTION - Ecom","og_description":"Produkcja koncentrat\u00f3w i granulat\u00f3w Al, Pb, Zn. Odbi\u00f3r i odzysk odpad\u00f3w, w tym hutniczych i niebezpiecznych. Konkurencyjne ceny skupu z\u0142omu","og_url":"http:\/\/ecom-metale.pl\/en\/recovery-and-production\/","og_site_name":"Ecom","article_modified_time":"2021-12-15T09:13:50+00:00","og_image":[{"url":"http:\/\/ecom-metale.pl\/wp-content\/uploads\/2021\/08\/odzysk-i-produkcja____nasi-kontrahenci__img1.jpg","type":"","width":"","height":""}],"twitter_card":"summary_large_image","twitter_misc":{"Est. reading time":"2 minutes"},"schema":{"@context":"https:\/\/schema.org","@graph":[{"@type":"WebPage","@id":"http:\/\/ecom-metale.pl\/en\/recovery-and-production\/","url":"http:\/\/ecom-metale.pl\/en\/recovery-and-production\/","name":"RECOVERY AND PRODUCTION - Ecom","isPartOf":{"@id":"http:\/\/ecom-metale.pl\/en\/#website"},"primaryImageOfPage":{"@id":"http:\/\/ecom-metale.pl\/en\/recovery-and-production\/#primaryimage"},"image":{"@id":"http:\/\/ecom-metale.pl\/en\/recovery-and-production\/#primaryimage"},"thumbnailUrl":"http:\/\/ecom-metale.pl\/wp-content\/uploads\/2021\/08\/odzysk-i-produkcja____nasi-kontrahenci__img1.jpg","datePublished":"2021-12-14T13:21:09+00:00","dateModified":"2021-12-15T09:13:50+00:00","description":"Produkcja koncentrat\u00f3w i granulat\u00f3w Al, Pb, Zn. Odbi\u00f3r i odzysk odpad\u00f3w, w tym hutniczych i niebezpiecznych. Konkurencyjne ceny skupu z\u0142omu","breadcrumb":{"@id":"http:\/\/ecom-metale.pl\/en\/recovery-and-production\/#breadcrumb"},"inLanguage":"en-US","potentialAction":[{"@type":"ReadAction","target":["http:\/\/ecom-metale.pl\/en\/recovery-and-production\/"]}]},{"@type":"ImageObject","inLanguage":"en-US","@id":"http:\/\/ecom-metale.pl\/en\/recovery-and-production\/#primaryimage","url":"http:\/\/ecom-metale.pl\/wp-content\/uploads\/2021\/08\/odzysk-i-produkcja____nasi-kontrahenci__img1.jpg","contentUrl":"http:\/\/ecom-metale.pl\/wp-content\/uploads\/2021\/08\/odzysk-i-produkcja____nasi-kontrahenci__img1.jpg"},{"@type":"BreadcrumbList","@id":"http:\/\/ecom-metale.pl\/en\/recovery-and-production\/#breadcrumb","itemListElement":[{"@type":"ListItem","position":1,"name":"Start","item":"http:\/\/ecom-metale.pl\/en\/"},{"@type":"ListItem","position":2,"name":"RECOVERY AND PRODUCTION"}]},{"@type":"WebSite","@id":"http:\/\/ecom-metale.pl\/en\/#website","url":"http:\/\/ecom-metale.pl\/en\/","name":"Ecom","description":"Producent koncentrat\u00f3w i granulat\u00f3w metali nie\u017celaznych","potentialAction":[{"@type":"SearchAction","target":{"@type":"EntryPoint","urlTemplate":"http:\/\/ecom-metale.pl\/en\/?s={search_term_string}"},"query-input":{"@type":"PropertyValueSpecification","valueRequired":true,"valueName":"search_term_string"}}],"inLanguage":"en-US"}]}},"_links":{"self":[{"href":"http:\/\/ecom-metale.pl\/en\/wp-json\/wp\/v2\/pages\/520","targetHints":{"allow":["GET"]}}],"collection":[{"href":"http:\/\/ecom-metale.pl\/en\/wp-json\/wp\/v2\/pages"}],"about":[{"href":"http:\/\/ecom-metale.pl\/en\/wp-json\/wp\/v2\/types\/page"}],"author":[{"embeddable":true,"href":"http:\/\/ecom-metale.pl\/en\/wp-json\/wp\/v2\/users\/1"}],"replies":[{"embeddable":true,"href":"http:\/\/ecom-metale.pl\/en\/wp-json\/wp\/v2\/comments?post=520"}],"version-history":[{"count":3,"href":"http:\/\/ecom-metale.pl\/en\/wp-json\/wp\/v2\/pages\/520\/revisions"}],"predecessor-version":[{"id":532,"href":"http:\/\/ecom-metale.pl\/en\/wp-json\/wp\/v2\/pages\/520\/revisions\/532"}],"wp:attachment":[{"href":"http:\/\/ecom-metale.pl\/en\/wp-json\/wp\/v2\/media?parent=520"}],"curies":[{"name":"wp","href":"https:\/\/api.w.org\/{rel}","templated":true}]}}