{"id":522,"date":"2021-12-15T09:31:09","date_gmt":"2021-12-15T08:31:09","guid":{"rendered":"http:\/\/ecom-metale.pl\/?page_id=522"},"modified":"2021-12-15T10:14:47","modified_gmt":"2021-12-15T09:14:47","slug":"types-of-waste","status":"publish","type":"page","link":"http:\/\/ecom-metale.pl\/en\/types-of-waste\/","title":{"rendered":"TYPES OF WASTE"},"content":{"rendered":"<section class=\"s1 mt-40\">\n<div class=\"container\">\n<div class=\"row\">\n<div class=\"col-md-4 col-sm-12\">\n<div class=\"s1__right_box\">\n<h2 class=\"right_box__h\">DANGEROUS WASTE<\/h2>\n<\/p><\/div>\n<\/p><\/div>\n<div class=\"col-md-8 col-sm-12\">\n<div class=\"s1__right_box\">\n<h3 class=\"right_box__h\">PROFESSIONAL DISPOSAL<\/h3>\n<\/p><\/div>\n<p>\n                    We have the necessary permits for the recovery of hazardous waste.<br \/>\n                    We issue waste transfer notes.\n                <\/p>\n<table class=\"table table-striped\" style=\"width: 100%;\">\n<tbody>\n<tr>\n<td><strong>No.<\/strong><\/td>\n<td><strong>Waste code<\/strong><\/td>\n<td><strong>Type of waste<\/strong><\/td>\n<\/tr>\n<tr>\n<td>1<\/td>\n<td>10 02 07*<\/td>\n<td>solid wastes from gas treatment containing dangerous substances<\/td>\n<\/tr>\n<tr>\n<td>2<\/td>\n<td>10 02 13*<\/td>\n<td>sludges and filter cakes from gas treatment containing dangerous substances<\/td>\n<\/tr>\n<tr>\n<td>3<\/td>\n<td>10 03 04*<\/td>\n<td>primary production slags<\/td>\n<\/tr>\n<tr>\n<td>4<\/td>\n<td>10 03 08*<\/td>\n<td>salt slags from secondary production<\/td>\n<\/tr>\n<tr>\n<td>5<\/td>\n<td>10 03 19*<\/td>\n<td>flue-gas dust containing dangerous substances<\/td>\n<\/tr>\n<tr>\n<td>6<\/td>\n<td>10 04 01*<\/td>\n<td>slags from primary and secondary production<\/td>\n<\/tr>\n<tr>\n<td>7<\/td>\n<td>10 04 02*<\/td>\n<td>dross and skimmings\u2019 from primary and secondary production<\/td>\n<\/tr>\n<tr>\n<td>8<\/td>\n<td>10 04 04*<\/td>\n<td>flue-gas dust<\/td>\n<\/tr>\n<tr>\n<td>9<\/td>\n<td>10 04 05*<\/td>\n<td>other particulates and dust<\/td>\n<\/tr>\n<tr>\n<td>10<\/td>\n<td>10 04 07*<\/td>\n<td>sludges and filter cakes from gas treatment<\/td>\n<\/tr>\n<tr>\n<td>11<\/td>\n<td>10 05 03*<\/td>\n<td>flue-gas dust<\/td>\n<\/tr>\n<tr>\n<td>12<\/td>\n<td>10 05 05*<\/td>\n<td>solid waste from gas treatment<\/td>\n<\/tr>\n<tr>\n<td>13<\/td>\n<td>10 05 06*<\/td>\n<td>sludges and filter cakes from gas treatment<\/td>\n<\/tr>\n<tr>\n<td>14<\/td>\n<td>10 06 07*<\/td>\n<td>sludges and filter cakes from gas treatment<\/td>\n<\/tr>\n<tr>\n<td>15<\/td>\n<td>10 09 09*<\/td>\n<td>flue-gas dust containing dangerous substances<\/td>\n<\/tr>\n<tr>\n<td>16<\/td>\n<td>11 01 09*<\/td>\n<td>sludges and filter cakes containing dangerous substances<\/td>\n<\/tr>\n<tr>\n<td>17<\/td>\n<td>11 02 02*<\/td>\n<td>sludges from zinc hydrometallurgy (incl. jarosite, goethite)<\/td>\n<\/tr>\n<tr>\n<td>18<\/td>\n<td>11 05 03*<\/td>\n<td>solid waste from gas treatment<\/td>\n<\/tr>\n<tr>\n<td>19<\/td>\n<td>12 01 14*<\/td>\n<td>machining sludges containing dangerous substances<\/td>\n<\/tr>\n<tr>\n<td>20<\/td>\n<td>12 01 16*<\/td>\n<td>waste blasting material containing dangerous substances<\/td>\n<\/tr>\n<tr>\n<td>21<\/td>\n<td>12 01 20*<\/td>\n<td>spent grinding bodies and grinding materials containing dangerous substances<\/td>\n<\/tr>\n<tr>\n<td>22<\/td>\n<td>16 08 02*<\/td>\n<td>spent catalysts containing dangerous transition metals or dangerous transition metal compounds<\/td>\n<\/tr>\n<tr>\n<td>23<\/td>\n<td>16 09 02*<\/td>\n<td>chromates, e.g. potassium chromate, potassium or sodium dichromate<\/td>\n<\/tr>\n<tr>\n<td>24<\/td>\n<td>16 09 03*<\/td>\n<td>peroxides, e.g. hydrogen peroxide<\/td>\n<\/tr>\n<tr>\n<td>25<\/td>\n<td>17 04 10*<\/td>\n<td>cables containing oil, coal tar and other dangerous substances<\/td>\n<\/tr>\n<\/tbody>\n<\/table><\/div>\n<\/p><\/div>\n<\/p><\/div>\n<\/section>\n<section class=\"s1 mt-40\">\n<div class=\"container\">\n<div class=\"row\">\n<div class=\"col-md-4 col-sm-12\">\n<div class=\"s1__right_box\">\n<h2 class=\"right_box__h\">NON-HAZARDOUS WASTE<\/h2>\n<div class=\"right_box__sep\"><\/div>\n<p class=\"right_box__desc\">We guarantee comfort and favourable waste collection conditions as well as reliable punctuality thanks to our own means of transport<\/p>\n<\/p><\/div>\n<\/p><\/div>\n<div class=\"col-md-8 col-sm-12\">\n<div class=\"s1__right_box\">\n<h3 class=\"right_box__h\">COLLECTION AND RECOVERY OF, AMONG OTHERS, METALLURGICAL AND FOUNDRY WASTE<\/h3>\n<\/p><\/div>\n<table class=\"table table-striped\" style=\"width: 100%;\">\n<tbody>\n<tr>\n<td><strong>No.<\/strong><\/td>\n<td><strong>Waste code<\/strong><\/td>\n<td><strong>Type of waste<\/strong><\/td>\n<\/tr>\n<tr>\n<td>1<\/td>\n<td>01 03 81<\/td>\n<td>waste from flotation enrichment of non-ferrous metal ores other than those mentioned in 01 03 80<\/td>\n<\/tr>\n<tr>\n<td>2<\/td>\n<td>10 01 01<\/td>\n<td>bottom ash, slag and boiler dust (excluding boiler dust mentioned in 10 01 04)<\/td>\n<\/tr>\n<tr>\n<td>3<\/td>\n<td>10 01 24<\/td>\n<td>sands from fluidised beds (excluding 10 01 82)<\/td>\n<\/tr>\n<tr>\n<td>4<\/td>\n<td>10 01 80<\/td>\n<td>mixtures of ash and slag from wet waste disposal furnace \u2013 from non-fluidised beds<\/td>\n<\/tr>\n<tr>\n<td>5<\/td>\n<td>10 02 01<\/td>\n<td>wastes from the processing of slags (blast furnace, steel making)\u00a0<\/td>\n<\/tr>\n<tr>\n<td>6<\/td>\n<td>10 02 02<\/td>\n<td>unprocessed slag<\/td>\n<\/tr>\n<tr>\n<td>7<\/td>\n<td>10 02 08<\/td>\n<td>solid wastes from gas treatment other than those mentioned in 10 02 07\u00a0<\/td>\n<\/tr>\n<tr>\n<td>8<\/td>\n<td>10 02 10<\/td>\n<td>mill scales<\/td>\n<\/tr>\n<tr>\n<td>9<\/td>\n<td>10 02 14<\/td>\n<td>sludges and filter cakes from gas treatment other than those mentioned in 10 02 13<\/td>\n<\/tr>\n<tr>\n<td>10<\/td>\n<td>10 02 15<\/td>\n<td>other sludges and filter cakes<\/td>\n<\/tr>\n<tr>\n<td>11<\/td>\n<td>10 02 80<\/td>\n<td>skimmings\u2019 from iron smelting<\/td>\n<\/tr>\n<tr>\n<td>12<\/td>\n<td>10 02 81<\/td>\n<td>waste ferrous sulphate<\/td>\n<\/tr>\n<tr>\n<td>13<\/td>\n<td>10 03 05<\/td>\n<td>waste alumina<\/td>\n<\/tr>\n<tr>\n<td>14<\/td>\n<td>10 03 16<\/td>\n<td>skimmings\u2019 other than those mentioned in 10 03 15<\/td>\n<\/tr>\n<tr>\n<td>15<\/td>\n<td>10 03 20<\/td>\n<td>flue-gas dust other than those mentioned in 10 03 19<\/td>\n<\/tr>\n<tr>\n<td>16<\/td>\n<td>10 05 01<\/td>\n<td>slags from primary and secondary production (excluding 10 05 80)<\/td>\n<\/tr>\n<tr>\n<td>17<\/td>\n<td>10 05 11<\/td>\n<td>dross and skimmings\u2019 other than those mentioned in 10 05 10<\/td>\n<\/tr>\n<tr>\n<td>18<\/td>\n<td>10 05 80<\/td>\n<td>Granulated slag from shaft furnaces and slag from rotary kilns<\/td>\n<\/tr>\n<tr>\n<td>19<\/td>\n<td>10 06 80<\/td>\n<td>Granulated and shaft slag<\/td>\n<\/tr>\n<tr>\n<td>20<\/td>\n<td>10 09 03<\/td>\n<td>furnace slag<\/td>\n<\/tr>\n<tr>\n<td>21<\/td>\n<td>10 09 10<\/td>\n<td>flue-gas dust other than those mentioned in 10 09 09<\/td>\n<\/tr>\n<tr>\n<td>22<\/td>\n<td>10 09 12<\/td>\n<td>other particulates other than those mentioned in 10 09 11<\/td>\n<\/tr>\n<tr>\n<td>23<\/td>\n<td>10 10 03<\/td>\n<td>dross and skimmings\u2019 and furnace slag<\/td>\n<\/tr>\n<tr>\n<td>24<\/td>\n<td>10 10 10<\/td>\n<td>flue-gas dust other than those mentioned in 10 10 09<\/td>\n<\/tr>\n<tr>\n<td>25<\/td>\n<td>11 05 01<\/td>\n<td>hard zinc<\/td>\n<\/tr>\n<tr>\n<td>26<\/td>\n<td>11 05 02<\/td>\n<td>zinc ash<\/td>\n<\/tr>\n<tr>\n<td>27<\/td>\n<td>17 04 11<\/td>\n<td>cables other than those mentioned in 17 04 10<\/td>\n<\/tr>\n<tr>\n<td>28<\/td>\n<td>19 10 06<\/td>\n<td>other fractions other than those mentioned in 19 10 05<\/td>\n<\/tr>\n<\/tbody>\n<\/table>\n<p>\n                    Do your company have waste with codes present on any of the above lists? If so, please <a href=\"#\">contact us<\/a> to arrange for their collection and authorised disposal. We will take care of it professionally, for your benefit and for the benefit of the environment.\n                <\/p>\n<p>\n                    Do you have scrap on sale? <a href=\"#\">Download the file<\/a> and see which metals we buy and at what prices. Also with the possibility of collecting them from the location indicated by you.\n                <\/p>\n<\/p><\/div>\n<\/p><\/div>\n<\/p><\/div>\n<\/section>\n","protected":false},"excerpt":{"rendered":"<p>DANGEROUS WASTE PROFESSIONAL DISPOSAL We have the necessary permits for the recovery of hazardous waste. We issue waste transfer notes. No. Waste code Type of waste 1 10 02 07* solid wastes from gas treatment containing dangerous substances 2 10 02 13* sludges and filter cakes from gas treatment containing dangerous substances 3 10 03 [&hellip;]<\/p>\n","protected":false},"author":1,"featured_media":0,"parent":0,"menu_order":0,"comment_status":"closed","ping_status":"closed","template":"","meta":{"footnotes":""},"class_list":["post-522","page","type-page","status-publish","hentry","wpautop"],"acf":[],"yoast_head":"<!-- This site is optimized with the Yoast SEO plugin v27.4 - https:\/\/yoast.com\/product\/yoast-seo-wordpress\/ -->\n<title>TYPES OF WASTE - Ecom<\/title>\n<meta name=\"description\" content=\"Produkcja koncentrat\u00f3w i granulat\u00f3w Al, Pb, Zn. Odbi\u00f3r i odzysk odpad\u00f3w, w tym hutniczych i niebezpiecznych. Konkurencyjne ceny skupu z\u0142omu\" \/>\n<meta name=\"robots\" content=\"index, follow, max-snippet:-1, max-image-preview:large, max-video-preview:-1\" \/>\n<link rel=\"canonical\" href=\"http:\/\/ecom-metale.pl\/en\/types-of-waste\/\" \/>\n<meta property=\"og:locale\" content=\"en_US\" \/>\n<meta property=\"og:type\" content=\"article\" \/>\n<meta property=\"og:title\" content=\"TYPES OF WASTE - Ecom\" \/>\n<meta property=\"og:description\" content=\"Produkcja koncentrat\u00f3w i granulat\u00f3w Al, Pb, Zn. Odbi\u00f3r i odzysk odpad\u00f3w, w tym hutniczych i niebezpiecznych. Konkurencyjne ceny skupu z\u0142omu\" \/>\n<meta property=\"og:url\" content=\"http:\/\/ecom-metale.pl\/en\/types-of-waste\/\" \/>\n<meta property=\"og:site_name\" content=\"Ecom\" \/>\n<meta property=\"article:modified_time\" content=\"2021-12-15T09:14:47+00:00\" \/>\n<meta name=\"twitter:card\" content=\"summary_large_image\" \/>\n<meta name=\"twitter:label1\" content=\"Est. reading time\" \/>\n\t<meta name=\"twitter:data1\" content=\"2 minutes\" \/>\n<script type=\"application\/ld+json\" class=\"yoast-schema-graph\">{\"@context\":\"https:\\\/\\\/schema.org\",\"@graph\":[{\"@type\":\"WebPage\",\"@id\":\"http:\\\/\\\/ecom-metale.pl\\\/en\\\/types-of-waste\\\/\",\"url\":\"http:\\\/\\\/ecom-metale.pl\\\/en\\\/types-of-waste\\\/\",\"name\":\"TYPES OF WASTE - Ecom\",\"isPartOf\":{\"@id\":\"http:\\\/\\\/ecom-metale.pl\\\/en\\\/#website\"},\"datePublished\":\"2021-12-15T08:31:09+00:00\",\"dateModified\":\"2021-12-15T09:14:47+00:00\",\"description\":\"Produkcja koncentrat\u00f3w i granulat\u00f3w Al, Pb, Zn. Odbi\u00f3r i odzysk odpad\u00f3w, w tym hutniczych i niebezpiecznych. Konkurencyjne ceny skupu z\u0142omu\",\"breadcrumb\":{\"@id\":\"http:\\\/\\\/ecom-metale.pl\\\/en\\\/types-of-waste\\\/#breadcrumb\"},\"inLanguage\":\"en-US\",\"potentialAction\":[{\"@type\":\"ReadAction\",\"target\":[\"http:\\\/\\\/ecom-metale.pl\\\/en\\\/types-of-waste\\\/\"]}]},{\"@type\":\"BreadcrumbList\",\"@id\":\"http:\\\/\\\/ecom-metale.pl\\\/en\\\/types-of-waste\\\/#breadcrumb\",\"itemListElement\":[{\"@type\":\"ListItem\",\"position\":1,\"name\":\"Start\",\"item\":\"http:\\\/\\\/ecom-metale.pl\\\/en\\\/\"},{\"@type\":\"ListItem\",\"position\":2,\"name\":\"TYPES OF WASTE\"}]},{\"@type\":\"WebSite\",\"@id\":\"http:\\\/\\\/ecom-metale.pl\\\/en\\\/#website\",\"url\":\"http:\\\/\\\/ecom-metale.pl\\\/en\\\/\",\"name\":\"Ecom\",\"description\":\"Producent koncentrat\u00f3w i granulat\u00f3w metali nie\u017celaznych\",\"potentialAction\":[{\"@type\":\"SearchAction\",\"target\":{\"@type\":\"EntryPoint\",\"urlTemplate\":\"http:\\\/\\\/ecom-metale.pl\\\/en\\\/?s={search_term_string}\"},\"query-input\":{\"@type\":\"PropertyValueSpecification\",\"valueRequired\":true,\"valueName\":\"search_term_string\"}}],\"inLanguage\":\"en-US\"}]}<\/script>\n<!-- \/ Yoast SEO plugin. -->","yoast_head_json":{"title":"TYPES OF WASTE - Ecom","description":"Produkcja koncentrat\u00f3w i granulat\u00f3w Al, Pb, Zn. Odbi\u00f3r i odzysk odpad\u00f3w, w tym hutniczych i niebezpiecznych. Konkurencyjne ceny skupu z\u0142omu","robots":{"index":"index","follow":"follow","max-snippet":"max-snippet:-1","max-image-preview":"max-image-preview:large","max-video-preview":"max-video-preview:-1"},"canonical":"http:\/\/ecom-metale.pl\/en\/types-of-waste\/","og_locale":"en_US","og_type":"article","og_title":"TYPES OF WASTE - Ecom","og_description":"Produkcja koncentrat\u00f3w i granulat\u00f3w Al, Pb, Zn. Odbi\u00f3r i odzysk odpad\u00f3w, w tym hutniczych i niebezpiecznych. Konkurencyjne ceny skupu z\u0142omu","og_url":"http:\/\/ecom-metale.pl\/en\/types-of-waste\/","og_site_name":"Ecom","article_modified_time":"2021-12-15T09:14:47+00:00","twitter_card":"summary_large_image","twitter_misc":{"Est. reading time":"2 minutes"},"schema":{"@context":"https:\/\/schema.org","@graph":[{"@type":"WebPage","@id":"http:\/\/ecom-metale.pl\/en\/types-of-waste\/","url":"http:\/\/ecom-metale.pl\/en\/types-of-waste\/","name":"TYPES OF WASTE - Ecom","isPartOf":{"@id":"http:\/\/ecom-metale.pl\/en\/#website"},"datePublished":"2021-12-15T08:31:09+00:00","dateModified":"2021-12-15T09:14:47+00:00","description":"Produkcja koncentrat\u00f3w i granulat\u00f3w Al, Pb, Zn. Odbi\u00f3r i odzysk odpad\u00f3w, w tym hutniczych i niebezpiecznych. Konkurencyjne ceny skupu z\u0142omu","breadcrumb":{"@id":"http:\/\/ecom-metale.pl\/en\/types-of-waste\/#breadcrumb"},"inLanguage":"en-US","potentialAction":[{"@type":"ReadAction","target":["http:\/\/ecom-metale.pl\/en\/types-of-waste\/"]}]},{"@type":"BreadcrumbList","@id":"http:\/\/ecom-metale.pl\/en\/types-of-waste\/#breadcrumb","itemListElement":[{"@type":"ListItem","position":1,"name":"Start","item":"http:\/\/ecom-metale.pl\/en\/"},{"@type":"ListItem","position":2,"name":"TYPES OF WASTE"}]},{"@type":"WebSite","@id":"http:\/\/ecom-metale.pl\/en\/#website","url":"http:\/\/ecom-metale.pl\/en\/","name":"Ecom","description":"Producent koncentrat\u00f3w i granulat\u00f3w metali nie\u017celaznych","potentialAction":[{"@type":"SearchAction","target":{"@type":"EntryPoint","urlTemplate":"http:\/\/ecom-metale.pl\/en\/?s={search_term_string}"},"query-input":{"@type":"PropertyValueSpecification","valueRequired":true,"valueName":"search_term_string"}}],"inLanguage":"en-US"}]}},"_links":{"self":[{"href":"http:\/\/ecom-metale.pl\/en\/wp-json\/wp\/v2\/pages\/522","targetHints":{"allow":["GET"]}}],"collection":[{"href":"http:\/\/ecom-metale.pl\/en\/wp-json\/wp\/v2\/pages"}],"about":[{"href":"http:\/\/ecom-metale.pl\/en\/wp-json\/wp\/v2\/types\/page"}],"author":[{"embeddable":true,"href":"http:\/\/ecom-metale.pl\/en\/wp-json\/wp\/v2\/users\/1"}],"replies":[{"embeddable":true,"href":"http:\/\/ecom-metale.pl\/en\/wp-json\/wp\/v2\/comments?post=522"}],"version-history":[{"count":4,"href":"http:\/\/ecom-metale.pl\/en\/wp-json\/wp\/v2\/pages\/522\/revisions"}],"predecessor-version":[{"id":534,"href":"http:\/\/ecom-metale.pl\/en\/wp-json\/wp\/v2\/pages\/522\/revisions\/534"}],"wp:attachment":[{"href":"http:\/\/ecom-metale.pl\/en\/wp-json\/wp\/v2\/media?parent=522"}],"curies":[{"name":"wp","href":"https:\/\/api.w.org\/{rel}","templated":true}]}}