{"id":525,"date":"2021-12-15T09:40:15","date_gmt":"2021-12-15T08:40:15","guid":{"rendered":"http:\/\/ecom-metale.pl\/?page_id=525"},"modified":"2021-12-15T12:48:40","modified_gmt":"2021-12-15T11:48:40","slug":"aggregate-and-reclamation","status":"publish","type":"page","link":"http:\/\/ecom-metale.pl\/en\/aggregate-and-reclamation\/","title":{"rendered":"AGGREGATE AND RECLAMATION"},"content":{"rendered":"<section class=\"s1 mt-40\">\n<div class=\"container\">\n<div class=\"row\">\n<div class=\"col-md-4 col-sm-12\">\n<div class=\"s1__right_box\">\n<h2 class=\"right_box__h\">RECLAMATION<\/h2>\n<\/p><\/div>\n<\/p><\/div>\n<div class=\"col-md-8 col-sm-12\">\n<div class=\"s1__right_box\">\n<h3 class=\"right_box__h\">WE RESTORE LOST VALUE TO LAND AREAS<\/h3>\n<\/p><\/div>\n<p>\n                    We deal with the reclamation of land devastated by industry, in particular by mining and metallurgy, with a view to reconstructing its natural and functional value.\n                <\/p>\n<p>\n                    We carry it out, under the provisions of the acts (including the Act on Protection of Agricultural and Forestry Land, the Act on Prevention of Environmental Damage and its Remedy) through:\n                <\/p>\n<ul>\n<li>appropriate relief shaping<\/li>\n<li>improvement of soil physicochemical properties (remediation methods: EX SITU, IN SITU, ON SITE)<\/li>\n<li>restoration of water regime<\/li>\n<li>reconstruction of the vegetation growing in the area (e.g. sowing grasses and other low-height plants, afforestation)<\/li>\n<li>revetment<\/li>\n<li>reconstruction or construction of necessary roads<\/li>\n<li>waste management<\/li>\n<\/ul>\n<p>\n                    Our partner in serving the environment is ReSoil Sp. z o.o. (<a href=\"http:\/\/www.resoil.pl\/\">http:\/\/www.resoil.pl\/<\/a>)\n                <\/p>\n<div class=\"row\">\n<div class=\"col-md-6 col-sm-12\">\n                        <img decoding=\"async\" class=\"mt-20 mb-20\" src=\"http:\/\/ecom-metale.pl\/wp-content\/uploads\/2021\/08\/img_1.jpg\" \/>\n                    <\/div>\n<div class=\"col-md-6 col-sm-12\">\n                        <img decoding=\"async\" class=\"mt-20 mb-20\" src=\"http:\/\/ecom-metale.pl\/wp-content\/uploads\/2021\/08\/img_2.jpg\" \/>\n                    <\/div>\n<\/p><\/div>\n<\/p><\/div>\n<\/p><\/div>\n<\/p><\/div>\n<\/section>\n<section class=\"s1 mt-40\">\n<div class=\"container\">\n<div class=\"row\">\n<div class=\"col-md-4 col-sm-12\">\n<div class=\"s1__right_box\">\n<h2 class=\"right_box__h\">PRODUCTION OF AGGREGATES<\/h2>\n<h3 class=\"right_box__sub-h\">SANDS, GRITS AND DOLOMITE<\/h3>\n<div class=\"right_box__sep\"><\/div>\n<p class=\"right_box__desc\">Aggregate is a loose rock material, fine or coarse, of natural or industrial origin<\/p>\n<\/p><\/div>\n<\/p><\/div>\n<div class=\"col-md-8 col-sm-12\">\n<p><strong>Different types, different applications<\/strong><\/p>\n<p>Natural aggregates are mainly obtained through mining, but they can also be obtained through recycling \u2014 most often through the processing of concrete and brick rubble. This option is beneficial for the environment, because it reduces the exploitation of natural resources and limits the construction waste dumps at the same time.<\/p>\n<p>The multitude of available aggregate types with different properties and parameters allows for their optimal selection for various purposes.<\/p>\n<p>Aggregates are most often used in the construction industry, and their applications include:<\/p>\n<ul>\n<li>production of mortars and concretes<\/li>\n<li>base courses (sand bed or ballast in the construction of roads, tracks, parking lots)<\/li>\n<li>construction of filter layers<\/li>\n<li>soil stabilisation for paving blocks<\/li>\n<li>raising the ground level, creating a driveway, etc.<\/li>\n<\/ul>\n<div class=\"row\">\n<div class=\"col-md-6 col-sm-12\">\n                        <img decoding=\"async\" class=\"mt-20 mb-20\" src=\"http:\/\/ecom-metale.pl\/wp-content\/uploads\/2021\/08\/kruszywo-i-rekultywacja____produkcja-kruszyw__img1.jpg\" \/>\n                    <\/div>\n<div class=\"col-md-6 col-sm-12\">\n                        <img decoding=\"async\" class=\"mt-20 mb-20\" src=\"http:\/\/ecom-metale.pl\/wp-content\/uploads\/2021\/08\/kruszywo-i-rekultywacja____produkcja-kruszyw__img2.jpg\" \/>\n                    <\/div>\n<\/p><\/div>\n<p>Our offer includes the following types of road aggregates:<\/p>\n<ul>\n<li>Washed sand D 0-2mm<\/li>\n<li>Grit aggregate D 2-8mm<\/li>\n<li>Grit aggregate D 8-20mm<\/li>\n<li>Grit aggregate D 30-60mm<\/li>\n<li>Grit aggregate D 60-120mm<\/li>\n<li>Dolomite<\/li>\n<\/ul>\n<p>Want to stock up on the type of aggregate you want?<\/p>\n<p><a href=\"https:\/\/ecom-metale.pl\/contact\/?lang=en\">Contact us<\/a> and ask about the full range of products.<\/p>\n<p>\t\t\t\t\t<iframe loading=\"lazy\" width=\"770\" height=\"453\" src=\"https:\/\/www.youtube.com\/embed\/vuHj4JCdjkI\" title=\"YouTube video player\" frameborder=\"0\" allow=\"accelerometer; autoplay; clipboard-write; encrypted-media; gyroscope; picture-in-picture\" allowfullscreen><\/iframe><\/p><\/div>\n<\/p><\/div>\n<\/p><\/div>\n<\/section>\n","protected":false},"excerpt":{"rendered":"<p>RECLAMATION WE RESTORE LOST VALUE TO LAND AREAS We deal with the reclamation of land devastated by industry, in particular by mining and metallurgy, with a view to reconstructing its natural and functional value. We carry it out, under the provisions of the acts (including the Act on Protection of Agricultural and Forestry Land, the [&hellip;]<\/p>\n","protected":false},"author":1,"featured_media":0,"parent":0,"menu_order":0,"comment_status":"closed","ping_status":"closed","template":"","meta":{"footnotes":""},"class_list":["post-525","page","type-page","status-publish","hentry","wpautop"],"acf":[],"yoast_head":"<!-- This site is optimized with the Yoast SEO plugin v27.4 - https:\/\/yoast.com\/product\/yoast-seo-wordpress\/ -->\n<title>AGGREGATE AND RECLAMATION - Ecom<\/title>\n<meta name=\"description\" content=\"Produkcja koncentrat\u00f3w i granulat\u00f3w Al, Pb, Zn. Odbi\u00f3r i odzysk odpad\u00f3w, w tym hutniczych i niebezpiecznych. Konkurencyjne ceny skupu z\u0142omu\" \/>\n<meta name=\"robots\" content=\"index, follow, max-snippet:-1, max-image-preview:large, max-video-preview:-1\" \/>\n<link rel=\"canonical\" href=\"http:\/\/ecom-metale.pl\/en\/aggregate-and-reclamation\/\" \/>\n<meta property=\"og:locale\" content=\"en_US\" \/>\n<meta property=\"og:type\" content=\"article\" \/>\n<meta property=\"og:title\" content=\"AGGREGATE AND RECLAMATION - Ecom\" \/>\n<meta property=\"og:description\" content=\"Produkcja koncentrat\u00f3w i granulat\u00f3w Al, Pb, Zn. Odbi\u00f3r i odzysk odpad\u00f3w, w tym hutniczych i niebezpiecznych. Konkurencyjne ceny skupu z\u0142omu\" \/>\n<meta property=\"og:url\" content=\"http:\/\/ecom-metale.pl\/en\/aggregate-and-reclamation\/\" \/>\n<meta property=\"og:site_name\" content=\"Ecom\" \/>\n<meta property=\"article:modified_time\" content=\"2021-12-15T11:48:40+00:00\" \/>\n<meta property=\"og:image\" content=\"http:\/\/ecom-metale.pl\/wp-content\/uploads\/2021\/08\/img_1.jpg\" \/>\n<meta name=\"twitter:card\" content=\"summary_large_image\" \/>\n<meta name=\"twitter:label1\" content=\"Est. reading time\" \/>\n\t<meta name=\"twitter:data1\" content=\"2 minutes\" \/>\n<script type=\"application\/ld+json\" class=\"yoast-schema-graph\">{\"@context\":\"https:\\\/\\\/schema.org\",\"@graph\":[{\"@type\":\"WebPage\",\"@id\":\"http:\\\/\\\/ecom-metale.pl\\\/en\\\/aggregate-and-reclamation\\\/\",\"url\":\"http:\\\/\\\/ecom-metale.pl\\\/en\\\/aggregate-and-reclamation\\\/\",\"name\":\"AGGREGATE AND RECLAMATION - Ecom\",\"isPartOf\":{\"@id\":\"http:\\\/\\\/ecom-metale.pl\\\/en\\\/#website\"},\"primaryImageOfPage\":{\"@id\":\"http:\\\/\\\/ecom-metale.pl\\\/en\\\/aggregate-and-reclamation\\\/#primaryimage\"},\"image\":{\"@id\":\"http:\\\/\\\/ecom-metale.pl\\\/en\\\/aggregate-and-reclamation\\\/#primaryimage\"},\"thumbnailUrl\":\"http:\\\/\\\/ecom-metale.pl\\\/wp-content\\\/uploads\\\/2021\\\/08\\\/img_1.jpg\",\"datePublished\":\"2021-12-15T08:40:15+00:00\",\"dateModified\":\"2021-12-15T11:48:40+00:00\",\"description\":\"Produkcja koncentrat\u00f3w i granulat\u00f3w Al, Pb, Zn. Odbi\u00f3r i odzysk odpad\u00f3w, w tym hutniczych i niebezpiecznych. Konkurencyjne ceny skupu z\u0142omu\",\"breadcrumb\":{\"@id\":\"http:\\\/\\\/ecom-metale.pl\\\/en\\\/aggregate-and-reclamation\\\/#breadcrumb\"},\"inLanguage\":\"en-US\",\"potentialAction\":[{\"@type\":\"ReadAction\",\"target\":[\"http:\\\/\\\/ecom-metale.pl\\\/en\\\/aggregate-and-reclamation\\\/\"]}]},{\"@type\":\"ImageObject\",\"inLanguage\":\"en-US\",\"@id\":\"http:\\\/\\\/ecom-metale.pl\\\/en\\\/aggregate-and-reclamation\\\/#primaryimage\",\"url\":\"http:\\\/\\\/ecom-metale.pl\\\/wp-content\\\/uploads\\\/2021\\\/08\\\/img_1.jpg\",\"contentUrl\":\"http:\\\/\\\/ecom-metale.pl\\\/wp-content\\\/uploads\\\/2021\\\/08\\\/img_1.jpg\"},{\"@type\":\"BreadcrumbList\",\"@id\":\"http:\\\/\\\/ecom-metale.pl\\\/en\\\/aggregate-and-reclamation\\\/#breadcrumb\",\"itemListElement\":[{\"@type\":\"ListItem\",\"position\":1,\"name\":\"Start\",\"item\":\"http:\\\/\\\/ecom-metale.pl\\\/en\\\/\"},{\"@type\":\"ListItem\",\"position\":2,\"name\":\"AGGREGATE AND RECLAMATION\"}]},{\"@type\":\"WebSite\",\"@id\":\"http:\\\/\\\/ecom-metale.pl\\\/en\\\/#website\",\"url\":\"http:\\\/\\\/ecom-metale.pl\\\/en\\\/\",\"name\":\"Ecom\",\"description\":\"Producent koncentrat\u00f3w i granulat\u00f3w metali nie\u017celaznych\",\"potentialAction\":[{\"@type\":\"SearchAction\",\"target\":{\"@type\":\"EntryPoint\",\"urlTemplate\":\"http:\\\/\\\/ecom-metale.pl\\\/en\\\/?s={search_term_string}\"},\"query-input\":{\"@type\":\"PropertyValueSpecification\",\"valueRequired\":true,\"valueName\":\"search_term_string\"}}],\"inLanguage\":\"en-US\"}]}<\/script>\n<!-- \/ Yoast SEO plugin. -->","yoast_head_json":{"title":"AGGREGATE AND RECLAMATION - Ecom","description":"Produkcja koncentrat\u00f3w i granulat\u00f3w Al, Pb, Zn. Odbi\u00f3r i odzysk odpad\u00f3w, w tym hutniczych i niebezpiecznych. Konkurencyjne ceny skupu z\u0142omu","robots":{"index":"index","follow":"follow","max-snippet":"max-snippet:-1","max-image-preview":"max-image-preview:large","max-video-preview":"max-video-preview:-1"},"canonical":"http:\/\/ecom-metale.pl\/en\/aggregate-and-reclamation\/","og_locale":"en_US","og_type":"article","og_title":"AGGREGATE AND RECLAMATION - Ecom","og_description":"Produkcja koncentrat\u00f3w i granulat\u00f3w Al, Pb, Zn. Odbi\u00f3r i odzysk odpad\u00f3w, w tym hutniczych i niebezpiecznych. Konkurencyjne ceny skupu z\u0142omu","og_url":"http:\/\/ecom-metale.pl\/en\/aggregate-and-reclamation\/","og_site_name":"Ecom","article_modified_time":"2021-12-15T11:48:40+00:00","og_image":[{"url":"http:\/\/ecom-metale.pl\/wp-content\/uploads\/2021\/08\/img_1.jpg","type":"","width":"","height":""}],"twitter_card":"summary_large_image","twitter_misc":{"Est. reading time":"2 minutes"},"schema":{"@context":"https:\/\/schema.org","@graph":[{"@type":"WebPage","@id":"http:\/\/ecom-metale.pl\/en\/aggregate-and-reclamation\/","url":"http:\/\/ecom-metale.pl\/en\/aggregate-and-reclamation\/","name":"AGGREGATE AND RECLAMATION - Ecom","isPartOf":{"@id":"http:\/\/ecom-metale.pl\/en\/#website"},"primaryImageOfPage":{"@id":"http:\/\/ecom-metale.pl\/en\/aggregate-and-reclamation\/#primaryimage"},"image":{"@id":"http:\/\/ecom-metale.pl\/en\/aggregate-and-reclamation\/#primaryimage"},"thumbnailUrl":"http:\/\/ecom-metale.pl\/wp-content\/uploads\/2021\/08\/img_1.jpg","datePublished":"2021-12-15T08:40:15+00:00","dateModified":"2021-12-15T11:48:40+00:00","description":"Produkcja koncentrat\u00f3w i granulat\u00f3w Al, Pb, Zn. Odbi\u00f3r i odzysk odpad\u00f3w, w tym hutniczych i niebezpiecznych. Konkurencyjne ceny skupu z\u0142omu","breadcrumb":{"@id":"http:\/\/ecom-metale.pl\/en\/aggregate-and-reclamation\/#breadcrumb"},"inLanguage":"en-US","potentialAction":[{"@type":"ReadAction","target":["http:\/\/ecom-metale.pl\/en\/aggregate-and-reclamation\/"]}]},{"@type":"ImageObject","inLanguage":"en-US","@id":"http:\/\/ecom-metale.pl\/en\/aggregate-and-reclamation\/#primaryimage","url":"http:\/\/ecom-metale.pl\/wp-content\/uploads\/2021\/08\/img_1.jpg","contentUrl":"http:\/\/ecom-metale.pl\/wp-content\/uploads\/2021\/08\/img_1.jpg"},{"@type":"BreadcrumbList","@id":"http:\/\/ecom-metale.pl\/en\/aggregate-and-reclamation\/#breadcrumb","itemListElement":[{"@type":"ListItem","position":1,"name":"Start","item":"http:\/\/ecom-metale.pl\/en\/"},{"@type":"ListItem","position":2,"name":"AGGREGATE AND RECLAMATION"}]},{"@type":"WebSite","@id":"http:\/\/ecom-metale.pl\/en\/#website","url":"http:\/\/ecom-metale.pl\/en\/","name":"Ecom","description":"Producent koncentrat\u00f3w i granulat\u00f3w metali nie\u017celaznych","potentialAction":[{"@type":"SearchAction","target":{"@type":"EntryPoint","urlTemplate":"http:\/\/ecom-metale.pl\/en\/?s={search_term_string}"},"query-input":{"@type":"PropertyValueSpecification","valueRequired":true,"valueName":"search_term_string"}}],"inLanguage":"en-US"}]}},"_links":{"self":[{"href":"http:\/\/ecom-metale.pl\/en\/wp-json\/wp\/v2\/pages\/525","targetHints":{"allow":["GET"]}}],"collection":[{"href":"http:\/\/ecom-metale.pl\/en\/wp-json\/wp\/v2\/pages"}],"about":[{"href":"http:\/\/ecom-metale.pl\/en\/wp-json\/wp\/v2\/types\/page"}],"author":[{"embeddable":true,"href":"http:\/\/ecom-metale.pl\/en\/wp-json\/wp\/v2\/users\/1"}],"replies":[{"embeddable":true,"href":"http:\/\/ecom-metale.pl\/en\/wp-json\/wp\/v2\/comments?post=525"}],"version-history":[{"count":3,"href":"http:\/\/ecom-metale.pl\/en\/wp-json\/wp\/v2\/pages\/525\/revisions"}],"predecessor-version":[{"id":586,"href":"http:\/\/ecom-metale.pl\/en\/wp-json\/wp\/v2\/pages\/525\/revisions\/586"}],"wp:attachment":[{"href":"http:\/\/ecom-metale.pl\/en\/wp-json\/wp\/v2\/media?parent=525"}],"curies":[{"name":"wp","href":"https:\/\/api.w.org\/{rel}","templated":true}]}}