{"id":528,"date":"2021-12-15T09:47:18","date_gmt":"2021-12-15T08:47:18","guid":{"rendered":"http:\/\/ecom-metale.pl\/?page_id=528"},"modified":"2021-12-15T11:00:58","modified_gmt":"2021-12-15T10:00:58","slug":"contact","status":"publish","type":"page","link":"https:\/\/ecom-metale.pl\/en\/contact\/","title":{"rendered":"CONTACT"},"content":{"rendered":"<section class=\"s1 mt-40\">\n<div class=\"container\">\n<div class=\"row\">\n<div class=\"col-sm-3 img-box mx-auto\">\n                <img decoding=\"async\" src=\"http:\/\/ecom-metale.pl\/wp-content\/uploads\/2021\/08\/contact_ico_1.png\"><\/p>\n<p class=\"img-box__h\">PHONE NUMBERS<\/p>\n<p class=\"img-box__desc\"><a href=\"tel:+48792460560\"><svg class=\"svg-icon phone-alt-fa-solid\" aria-hidden=\"true\" version=\"1.1\" xmlns=\"http:\/\/www.w3.org\/2000\/svg\" viewBox=\"0 0 512 512\"><path class=\"svg-icon__path path-0\" d=\"M497.39 361.8l-112-48a24 24 0 0 0-28 6.9l-49.6 60.6A370.66 370.66 0 0 1 130.6 204.11l60.6-49.6a23.94 23.94 0 0 0 6.9-28l-48-112A24.16 24.16 0 0 0 122.6.61l-104 24A24 24 0 0 0 0 48c0 256.5 207.9 464 464 464a24 24 0 0 0 23.4-18.6l24-104a24.29 24.29 0 0 0-14.01-27.6z\" vector-effect=\"non-scaling-stroke\"><\/path><\/svg>792 460 560<\/a><br \/>\n                    <a href=\"tel:+48322000067\"><svg class=\"svg-icon phone-alt-fa-solid\" aria-hidden=\"true\" version=\"1.1\" xmlns=\"http:\/\/www.w3.org\/2000\/svg\" viewBox=\"0 0 512 512\"><path class=\"svg-icon__path path-0\" d=\"M497.39 361.8l-112-48a24 24 0 0 0-28 6.9l-49.6 60.6A370.66 370.66 0 0 1 130.6 204.11l60.6-49.6a23.94 23.94 0 0 0 6.9-28l-48-112A24.16 24.16 0 0 0 122.6.61l-104 24A24 24 0 0 0 0 48c0 256.5 207.9 464 464 464a24 24 0 0 0 23.4-18.6l24-104a24.29 24.29 0 0 0-14.01-27.6z\" vector-effect=\"non-scaling-stroke\"><\/path><\/svg>32 200 00 67<\/a><\/p>\n<\/p><\/div>\n<div class=\"col-sm-3 img-box mx-auto first-box next-box\">\n                <img decoding=\"async\" src=\"http:\/\/ecom-metale.pl\/wp-content\/uploads\/2021\/08\/contact_ico_2.png\"><\/p>\n<p class=\"img-box__h\">ADDRESS<\/p>\n<p class=\"img-box__desc\"><strong>ECOM Sp. z o.o.<\/strong><br \/>\n                    Ul. Ks. Mjr K. Wo\u017aniaka 38B<br \/>\n                    40-389 Katowice<\/p>\n<\/p><\/div>\n<div class=\"col-sm-3 img-box mx-auto\">\n                <img decoding=\"async\" src=\"http:\/\/ecom-metale.pl\/wp-content\/uploads\/2021\/08\/contact_ico_3.png\"><\/p>\n<p class=\"img-box__h\">EMAIL<\/p>\n<p class=\"img-box__desc\"><a href=\"mailto:biuro@ecom.slask.pl\"><svg class=\"svg-icon envelope-fa-solid\" aria-hidden=\"true\" version=\"1.1\" xmlns=\"http:\/\/www.w3.org\/2000\/svg\" viewBox=\"0 0 512 512\"><path class=\"svg-icon__path path-0\" d=\"M502.3 190.8c3.9-3.1 9.7-.2 9.7 4.7V400c0 26.5-21.5 48-48 48H48c-26.5 0-48-21.5-48-48V195.6c0-5 5.7-7.8 9.7-4.7 22.4 17.4 52.1 39.5 154.1 113.6 21.1 15.4 56.7 47.8 92.2 47.6 35.7.3 72-32.8 92.3-47.6 102-74.1 131.6-96.3 154-113.7zM256 320c23.2.4 56.6-29.2 73.4-41.4 132.7-96.3 142.8-104.7 173.4-128.7 5.8-4.5 9.2-11.5 9.2-18.9v-19c0-26.5-21.5-48-48-48H48C21.5 64 0 85.5 0 112v19c0 7.4 3.4 14.3 9.2 18.9 30.6 23.9 40.7 32.4 173.4 128.7 16.8 12.2 50.2 41.8 73.4 41.4z\" vector-effect=\"non-scaling-stroke\"><\/path><\/svg>biuro@ecom.slask.pl<\/a><\/p>\n<\/p><\/div>\n<\/p><\/div>\n<\/p><\/div>\n<\/section>\n<section class=\"s2\">\n<div class=\"container\">\n<div class=\"row\">\n<div class=\"col-sm-12\">\n<div class=\"s2__center_box\">\n<p class=\"center_box__sub-h\">ASK, ORDER, SUBCONTRACT<\/p>\n<p class=\"center_box__h\">WE LOOK FORWARD TO HEARING FROM YOU<\/p>\n<div class=\"center_box__sep\"><\/div>\n<\/p><\/div>\n<\/p><\/div>\n<div class=\"col-sm-12 mt-40\">\n                \n<div class=\"wpcf7 no-js\" id=\"wpcf7-f541-o1\" lang=\"pl-PL\" dir=\"ltr\" data-wpcf7-id=\"541\">\n<div class=\"screen-reader-response\"><p role=\"status\" aria-live=\"polite\" aria-atomic=\"true\"><\/p> <ul><\/ul><\/div>\n<form action=\"\/en\/wp-json\/wp\/v2\/pages\/528#wpcf7-f541-o1\" method=\"post\" class=\"wpcf7-form init\" aria-label=\"Formularz kontaktowy\" novalidate=\"novalidate\" data-status=\"init\">\n<fieldset class=\"hidden-fields-container\"><input type=\"hidden\" name=\"_wpcf7\" value=\"541\" \/><input type=\"hidden\" name=\"_wpcf7_version\" value=\"6.1.5\" \/><input type=\"hidden\" name=\"_wpcf7_locale\" value=\"pl_PL\" \/><input type=\"hidden\" name=\"_wpcf7_unit_tag\" value=\"wpcf7-f541-o1\" \/><input type=\"hidden\" name=\"_wpcf7_container_post\" value=\"0\" \/><input type=\"hidden\" name=\"_wpcf7_posted_data_hash\" value=\"\" \/>\n<\/fieldset>\n<div class=\"row\">\n  <div class=\"col-md-12\">\n    <span class=\"wpcf7-form-control-wrap\" data-name=\"contact-name\"><input size=\"40\" maxlength=\"400\" class=\"wpcf7-form-control wpcf7-text wpcf7-validates-as-required form-control\" aria-required=\"true\" aria-invalid=\"false\" placeholder=\"First name *\" value=\"\" type=\"text\" name=\"contact-name\" \/><\/span>\n  <\/div>\n  <div class=\"col-md-12\">\n    <span class=\"wpcf7-form-control-wrap\" data-name=\"contact-email\"><input size=\"40\" maxlength=\"400\" class=\"wpcf7-form-control wpcf7-email wpcf7-validates-as-required wpcf7-text wpcf7-validates-as-email form-control\" aria-required=\"true\" aria-invalid=\"false\" placeholder=\"Email *\" value=\"\" type=\"email\" name=\"contact-email\" \/><\/span>\n  <\/div>\n  <div class=\"col-md-12\">\n    <span class=\"wpcf7-form-control-wrap\" data-name=\"contact-phone\"><input size=\"40\" maxlength=\"400\" class=\"wpcf7-form-control wpcf7-tel wpcf7-text wpcf7-validates-as-tel form-control\" aria-invalid=\"false\" placeholder=\"Phone\" value=\"\" type=\"tel\" name=\"contact-phone\" \/><\/span>\n  <\/div>\n  <div class=\"col-md-12\">\n    <span class=\"wpcf7-form-control-wrap\" data-name=\"contact-subject\"><input size=\"40\" maxlength=\"400\" class=\"wpcf7-form-control wpcf7-text form-control\" aria-invalid=\"false\" placeholder=\"Subject of the message\" value=\"\" type=\"text\" name=\"contact-subject\" \/><\/span>\n  <\/div>\n  <div class=\"col-md-12\">\n    <span class=\"wpcf7-form-control-wrap\" data-name=\"contact-message\"><textarea cols=\"40\" rows=\"10\" maxlength=\"2000\" class=\"wpcf7-form-control wpcf7-textarea form-control\" aria-invalid=\"false\" placeholder=\"Message Content\" name=\"contact-message\"><\/textarea><\/span>\n  <\/div>\n  <div class=\"col-md-12 mx-auto text-center\">\n    <div class=\"wpcf7-response-output\" aria-hidden=\"true\"><\/div>\n    <input class=\"wpcf7-form-control wpcf7-submit has-spinner button\" type=\"submit\" value=\"SEND MESSAGE\" \/>\n  <\/div>\n<\/div>\n<\/form>\n<\/div>\n\n            <\/div>\n<\/p><\/div>\n<\/p><\/div>\n<\/section>\n<section class=\"s3 mb-n80\">\n    <div class=\"acf-map\" data-zoom=\"16\"><div class=\"marker\" data-lat=\"50.2557783\" data-lng=\"19.1050103\" data-marker=\"#e67b19\"><b>Ul. Ks. Mjr K. Wo\u017aniaka 38B<br \/>\r\n40-389 Katowice<\/b><br \/>\r\n<br \/>\r\nLennox Street, Richmond Wiktoria, Australia<\/div><\/div><br \/>\n<\/section>\n","protected":false},"excerpt":{"rendered":"<p>PHONE NUMBERS 792 460 560 32 200 00 67 ADDRESS ECOM Sp. z o.o. Ul. Ks. Mjr K. Wo\u017aniaka 38B 40-389 Katowice EMAIL biuro@ecom.slask.pl ASK, ORDER, SUBCONTRACT WE LOOK FORWARD TO HEARING FROM YOU<\/p>\n","protected":false},"author":1,"featured_media":0,"parent":0,"menu_order":0,"comment_status":"closed","ping_status":"closed","template":"templates\/page-full-width.php","meta":{"footnotes":""},"class_list":["post-528","page","type-page","status-publish","hentry","wpautop"],"acf":[],"yoast_head":"<!-- This site is optimized with the Yoast SEO plugin v27.4 - https:\/\/yoast.com\/product\/yoast-seo-wordpress\/ -->\n<title>CONTACT - Ecom<\/title>\n<meta name=\"description\" content=\"Produkcja koncentrat\u00f3w i granulat\u00f3w Al, Pb, Zn. Odbi\u00f3r i odzysk odpad\u00f3w, w tym hutniczych i niebezpiecznych. Konkurencyjne ceny skupu z\u0142omu\" \/>\n<meta name=\"robots\" content=\"index, follow, max-snippet:-1, max-image-preview:large, max-video-preview:-1\" \/>\n<link rel=\"canonical\" href=\"https:\/\/ecom-metale.pl\/en\/contact\/\" \/>\n<meta property=\"og:locale\" content=\"en_US\" \/>\n<meta property=\"og:type\" content=\"article\" \/>\n<meta property=\"og:title\" content=\"CONTACT - Ecom\" \/>\n<meta property=\"og:description\" content=\"Produkcja koncentrat\u00f3w i granulat\u00f3w Al, Pb, Zn. Odbi\u00f3r i odzysk odpad\u00f3w, w tym hutniczych i niebezpiecznych. Konkurencyjne ceny skupu z\u0142omu\" \/>\n<meta property=\"og:url\" content=\"https:\/\/ecom-metale.pl\/en\/contact\/\" \/>\n<meta property=\"og:site_name\" content=\"Ecom\" \/>\n<meta property=\"article:modified_time\" content=\"2021-12-15T10:00:58+00:00\" \/>\n<meta property=\"og:image\" content=\"http:\/\/ecom-metale.pl\/wp-content\/uploads\/2021\/08\/contact_ico_1.png\" \/>\n<meta name=\"twitter:card\" content=\"summary_large_image\" \/>\n<script type=\"application\/ld+json\" class=\"yoast-schema-graph\">{\"@context\":\"https:\\\/\\\/schema.org\",\"@graph\":[{\"@type\":\"WebPage\",\"@id\":\"https:\\\/\\\/ecom-metale.pl\\\/en\\\/contact\\\/\",\"url\":\"https:\\\/\\\/ecom-metale.pl\\\/en\\\/contact\\\/\",\"name\":\"CONTACT - Ecom\",\"isPartOf\":{\"@id\":\"http:\\\/\\\/ecom-metale.pl\\\/en\\\/#website\"},\"primaryImageOfPage\":{\"@id\":\"https:\\\/\\\/ecom-metale.pl\\\/en\\\/contact\\\/#primaryimage\"},\"image\":{\"@id\":\"https:\\\/\\\/ecom-metale.pl\\\/en\\\/contact\\\/#primaryimage\"},\"thumbnailUrl\":\"http:\\\/\\\/ecom-metale.pl\\\/wp-content\\\/uploads\\\/2021\\\/08\\\/contact_ico_1.png\",\"datePublished\":\"2021-12-15T08:47:18+00:00\",\"dateModified\":\"2021-12-15T10:00:58+00:00\",\"description\":\"Produkcja koncentrat\u00f3w i granulat\u00f3w Al, Pb, Zn. Odbi\u00f3r i odzysk odpad\u00f3w, w tym hutniczych i niebezpiecznych. Konkurencyjne ceny skupu z\u0142omu\",\"breadcrumb\":{\"@id\":\"https:\\\/\\\/ecom-metale.pl\\\/en\\\/contact\\\/#breadcrumb\"},\"inLanguage\":\"en-US\",\"potentialAction\":[{\"@type\":\"ReadAction\",\"target\":[\"https:\\\/\\\/ecom-metale.pl\\\/en\\\/contact\\\/\"]}]},{\"@type\":\"ImageObject\",\"inLanguage\":\"en-US\",\"@id\":\"https:\\\/\\\/ecom-metale.pl\\\/en\\\/contact\\\/#primaryimage\",\"url\":\"http:\\\/\\\/ecom-metale.pl\\\/wp-content\\\/uploads\\\/2021\\\/08\\\/contact_ico_1.png\",\"contentUrl\":\"http:\\\/\\\/ecom-metale.pl\\\/wp-content\\\/uploads\\\/2021\\\/08\\\/contact_ico_1.png\"},{\"@type\":\"BreadcrumbList\",\"@id\":\"https:\\\/\\\/ecom-metale.pl\\\/en\\\/contact\\\/#breadcrumb\",\"itemListElement\":[{\"@type\":\"ListItem\",\"position\":1,\"name\":\"Start\",\"item\":\"http:\\\/\\\/ecom-metale.pl\\\/en\\\/\"},{\"@type\":\"ListItem\",\"position\":2,\"name\":\"CONTACT\"}]},{\"@type\":\"WebSite\",\"@id\":\"http:\\\/\\\/ecom-metale.pl\\\/en\\\/#website\",\"url\":\"http:\\\/\\\/ecom-metale.pl\\\/en\\\/\",\"name\":\"Ecom\",\"description\":\"Producent koncentrat\u00f3w i granulat\u00f3w metali nie\u017celaznych\",\"potentialAction\":[{\"@type\":\"SearchAction\",\"target\":{\"@type\":\"EntryPoint\",\"urlTemplate\":\"http:\\\/\\\/ecom-metale.pl\\\/en\\\/?s={search_term_string}\"},\"query-input\":{\"@type\":\"PropertyValueSpecification\",\"valueRequired\":true,\"valueName\":\"search_term_string\"}}],\"inLanguage\":\"en-US\"}]}<\/script>\n<!-- \/ Yoast SEO plugin. -->","yoast_head_json":{"title":"CONTACT - Ecom","description":"Produkcja koncentrat\u00f3w i granulat\u00f3w Al, Pb, Zn. Odbi\u00f3r i odzysk odpad\u00f3w, w tym hutniczych i niebezpiecznych. Konkurencyjne ceny skupu z\u0142omu","robots":{"index":"index","follow":"follow","max-snippet":"max-snippet:-1","max-image-preview":"max-image-preview:large","max-video-preview":"max-video-preview:-1"},"canonical":"https:\/\/ecom-metale.pl\/en\/contact\/","og_locale":"en_US","og_type":"article","og_title":"CONTACT - Ecom","og_description":"Produkcja koncentrat\u00f3w i granulat\u00f3w Al, Pb, Zn. Odbi\u00f3r i odzysk odpad\u00f3w, w tym hutniczych i niebezpiecznych. Konkurencyjne ceny skupu z\u0142omu","og_url":"https:\/\/ecom-metale.pl\/en\/contact\/","og_site_name":"Ecom","article_modified_time":"2021-12-15T10:00:58+00:00","og_image":[{"url":"http:\/\/ecom-metale.pl\/wp-content\/uploads\/2021\/08\/contact_ico_1.png","type":"","width":"","height":""}],"twitter_card":"summary_large_image","schema":{"@context":"https:\/\/schema.org","@graph":[{"@type":"WebPage","@id":"https:\/\/ecom-metale.pl\/en\/contact\/","url":"https:\/\/ecom-metale.pl\/en\/contact\/","name":"CONTACT - Ecom","isPartOf":{"@id":"http:\/\/ecom-metale.pl\/en\/#website"},"primaryImageOfPage":{"@id":"https:\/\/ecom-metale.pl\/en\/contact\/#primaryimage"},"image":{"@id":"https:\/\/ecom-metale.pl\/en\/contact\/#primaryimage"},"thumbnailUrl":"http:\/\/ecom-metale.pl\/wp-content\/uploads\/2021\/08\/contact_ico_1.png","datePublished":"2021-12-15T08:47:18+00:00","dateModified":"2021-12-15T10:00:58+00:00","description":"Produkcja koncentrat\u00f3w i granulat\u00f3w Al, Pb, Zn. Odbi\u00f3r i odzysk odpad\u00f3w, w tym hutniczych i niebezpiecznych. Konkurencyjne ceny skupu z\u0142omu","breadcrumb":{"@id":"https:\/\/ecom-metale.pl\/en\/contact\/#breadcrumb"},"inLanguage":"en-US","potentialAction":[{"@type":"ReadAction","target":["https:\/\/ecom-metale.pl\/en\/contact\/"]}]},{"@type":"ImageObject","inLanguage":"en-US","@id":"https:\/\/ecom-metale.pl\/en\/contact\/#primaryimage","url":"http:\/\/ecom-metale.pl\/wp-content\/uploads\/2021\/08\/contact_ico_1.png","contentUrl":"http:\/\/ecom-metale.pl\/wp-content\/uploads\/2021\/08\/contact_ico_1.png"},{"@type":"BreadcrumbList","@id":"https:\/\/ecom-metale.pl\/en\/contact\/#breadcrumb","itemListElement":[{"@type":"ListItem","position":1,"name":"Start","item":"http:\/\/ecom-metale.pl\/en\/"},{"@type":"ListItem","position":2,"name":"CONTACT"}]},{"@type":"WebSite","@id":"http:\/\/ecom-metale.pl\/en\/#website","url":"http:\/\/ecom-metale.pl\/en\/","name":"Ecom","description":"Producent koncentrat\u00f3w i granulat\u00f3w metali nie\u017celaznych","potentialAction":[{"@type":"SearchAction","target":{"@type":"EntryPoint","urlTemplate":"http:\/\/ecom-metale.pl\/en\/?s={search_term_string}"},"query-input":{"@type":"PropertyValueSpecification","valueRequired":true,"valueName":"search_term_string"}}],"inLanguage":"en-US"}]}},"_links":{"self":[{"href":"https:\/\/ecom-metale.pl\/en\/wp-json\/wp\/v2\/pages\/528","targetHints":{"allow":["GET"]}}],"collection":[{"href":"https:\/\/ecom-metale.pl\/en\/wp-json\/wp\/v2\/pages"}],"about":[{"href":"https:\/\/ecom-metale.pl\/en\/wp-json\/wp\/v2\/types\/page"}],"author":[{"embeddable":true,"href":"https:\/\/ecom-metale.pl\/en\/wp-json\/wp\/v2\/users\/1"}],"replies":[{"embeddable":true,"href":"https:\/\/ecom-metale.pl\/en\/wp-json\/wp\/v2\/comments?post=528"}],"version-history":[{"count":4,"href":"https:\/\/ecom-metale.pl\/en\/wp-json\/wp\/v2\/pages\/528\/revisions"}],"predecessor-version":[{"id":542,"href":"https:\/\/ecom-metale.pl\/en\/wp-json\/wp\/v2\/pages\/528\/revisions\/542"}],"wp:attachment":[{"href":"https:\/\/ecom-metale.pl\/en\/wp-json\/wp\/v2\/media?parent=528"}],"curies":[{"name":"wp","href":"https:\/\/api.w.org\/{rel}","templated":true}]}}